{"id":4017,"date":"2021-09-24T10:56:00","date_gmt":"2021-09-24T08:56:00","guid":{"rendered":"https:\/\/www.ultradec.ch\/home\/"},"modified":"2022-01-28T08:40:48","modified_gmt":"2022-01-28T07:40:48","slug":"home","status":"publish","type":"page","link":"https:\/\/www.ultradec.ch\/de\/","title":{"rendered":"Home"},"content":{"rendered":"<div class=\"wpb-content-wrapper\"><p>[vc_row overlay_dotted=&#8220;&#8220; css=&#8220;.vc_custom_1498128154363{background-color: #ffffff !important;}&#8220;][vc_column css=&#8220;.vc_custom_1497428063250{padding-top: 0px !important;}&#8220;][rev_slider_vc alias=&#8220;roof-slider-1&#8243;][\/vc_column][\/vc_row][vc_row overlay_dotted=&#8220;&#8220; el_class=&#8220;services-wrap&#8220;][vc_column css=&#8220;.vc_custom_1612848267984{padding-top: 0px !important;}&#8220;][vc_custom_heading text=&#8220;Leistungen&#8220; font_container=&#8220;tag:h1|text_align:left|color:%23000000&#8243; google_fonts=&#8220;font_family:Raleway%3A100%2C200%2C300%2Cregular%2C500%2C600%2C700%2C800%2C900|font_style:700%20bold%20regular%3A700%3Anormal&#8220;][vc_row_inner][vc_column_inner width=&#8220;1\/3&#8243;]<div class=\"roof-services  services-69f2625fbc149 services\"><div class=\"service-item\"><div class=\"roof-picture\"><img decoding=\"async\" src=\"https:\/\/www.ultradec.ch\/wp-content\/uploads\/2021\/11\/ultra_decolletage_conception-1.jpg\" alt=\"\"><\/div><div class=\"service-info\"><h2>PLANUNG<\/h2>\n<p><a href=\"https:\/\/www.ultradec.ch\/de\/leistungen\/#planung\">Mehr erfahren<\/a><\/p>\n<\/div><\/div><\/div>[\/vc_column_inner][vc_column_inner width=&#8220;1\/3&#8243;]<div class=\"roof-services  services-69f2625fbc3ec services\"><div class=\"service-item\"><div class=\"roof-picture\"><img decoding=\"async\" src=\"https:\/\/www.ultradec.ch\/wp-content\/uploads\/2022\/01\/ultra_decolletage_usinage.jpg\" alt=\"\"><\/div><div class=\"service-info\"><h2>FERTIGUNG<\/h2>\n<p><a href=\"https:\/\/www.ultradec.ch\/de\/leistungen\/#fertigung\">Mehr erfahren<\/a><\/p>\n<\/div><\/div><\/div>[\/vc_column_inner][vc_column_inner width=&#8220;1\/3&#8243;]<div class=\"roof-services  services-69f2625fbc62c services\"><div class=\"service-item\"><div class=\"roof-picture\"><img decoding=\"async\" src=\"https:\/\/www.ultradec.ch\/wp-content\/uploads\/2021\/11\/ultra_decolletage_terminaison.jpg\" alt=\"\"><\/div><div class=\"service-info\"><h2>ENDBEARBEITUNG<\/h2>\n<p><a href=\"https:\/\/www.ultradec.ch\/de\/leistungen\/#endbearbeitung\">Mehr erfahren<\/a><\/p>\n<\/div><\/div><\/div>[\/vc_column_inner][\/vc_row_inner][\/vc_column][\/vc_row][vc_row overlay_dotted=&#8220;&#8220; el_class=&#8220;services-wrap&#8220;][vc_column css=&#8220;.vc_custom_1612848267984{padding-top: 0px !important;}&#8220;][vc_separator color=&#8220;custom&#8220; accent_color=&#8220;#2d2b2e&#8220;][vc_custom_heading text=&#8220;Anwendungsbereiche&#8220; font_container=&#8220;tag:h1|text_align:left|color:%23000000&#8243; google_fonts=&#8220;font_family:Raleway%3A100%2C200%2C300%2Cregular%2C500%2C600%2C700%2C800%2C900|font_style:700%20bold%20regular%3A700%3Anormal&#8220; css=&#8220;.vc_custom_1614944886948{margin-top: 50px !important;}&#8220;][vc_row_inner][vc_column_inner width=&#8220;1\/3&#8243;]<div class=\"benefit-item   benefit-item-69f2625fbc853 \"><div class=\"roof-icon\"><img decoding=\"async\" src=\"https:\/\/www.ultradec.ch\/wp-content\/uploads\/2021\/02\/carre_ultra.png\" alt=\"\"><\/div><div class=\"benefit-info\"><h2>UHRENINDUSTRIE<\/h2>\n<p>Ultra D\u00e9colletage SA bietet einer anspruchsvollen Kundschaft eine breite Palette von hochwertigen und sorgf\u00e4ltig endbearbeiteten Bestandteilen f\u00fcr Uhrwerke.<\/p>\n<\/div><\/div>[\/vc_column_inner][vc_column_inner width=&#8220;1\/3&#8243;]<div class=\"benefit-item   benefit-item-69f2625fbca82 \"><div class=\"roof-icon\"><img decoding=\"async\" src=\"https:\/\/www.ultradec.ch\/wp-content\/uploads\/2021\/02\/carre_ultra.png\" alt=\"\"><\/div><div class=\"benefit-info\"><h2>GER\u00c4TEBAU<\/h2>\n<p>Daneben ist das Unternehmen f\u00fcr andere Branchen wie Steckverbindungen, Mikromotoren, Zahnprothesen oder Laborausr\u00fcstung t\u00e4tig.<\/p>\n<\/div><\/div>[\/vc_column_inner][vc_column_inner width=&#8220;1\/3&#8243;]<div class=\"benefit-item   benefit-item-69f2625fbcaf3 \"><div class=\"roof-icon\"><img decoding=\"async\" src=\"https:\/\/www.ultradec.ch\/wp-content\/uploads\/2021\/02\/carre_ultra.png\" alt=\"\"><\/div><div class=\"benefit-info\"><h2>ERSATZTEILE<\/h2>\n<p>Anhand der gelieferten Muster fertigt Ultra D\u00e9colletage SA winzige mechanische Teile, zum Beispiel f\u00fcr alte Uhren oder Vintage-Ger\u00e4te und Spielsachen.<\/p>\n<\/div><\/div>[\/vc_column_inner][\/vc_row_inner][vc_separator color=&#8220;custom&#8220; css=&#8220;.vc_custom_1643354993487{padding-top: 15px !important;}&#8220; accent_color=&#8220;#2d2b2e&#8220;][\/vc_column][\/vc_row][vc_row overlay_dotted=&#8220;&#8220; css=&#8220;.vc_custom_1642496998744{padding-top: 15px !important;padding-right: 15px !important;padding-bottom: 100px !important;padding-left: 15px !important;}&#8220;][vc_column width=&#8220;1\/2&#8243; css=&#8220;.vc_custom_1497433467970{padding-top: 0px !important;padding-bottom: 0px !important;}&#8220;][vc_custom_heading text=&#8220;Warum Ultra D\u00e9colletage SA w\u00e4hlen?&#8220; font_container=&#8220;tag:h1|text_align:left|color:%23232323&#8243; google_fonts=&#8220;font_family:Raleway%3A100%2C200%2C300%2Cregular%2C500%2C600%2C700%2C800%2C900|font_style:700%20bold%20regular%3A700%3Anormal&#8220;][vc_row_inner][vc_column_inner]<div class=\"benefit-item benefit-border  benefit-item-69f2625fbcb5d \"><div class=\"roof-icon\"><img decoding=\"async\" src=\"https:\/\/www.ultradec.ch\/wp-content\/uploads\/2021\/02\/triangle_ultra.png\" alt=\"\"><\/div><div class=\"benefit-info\"><h2>KNOW-HOW<\/h2>\n<p>Dank seiner \u00fcber 100-j\u00e4hrigen Erfahrung besitzt das Unternehmen ein unvergleichliches Fachwissen und ein umfangreiches Know-how in vielen Bereichen.<\/p>\n<\/div><\/div>[\/vc_column_inner][\/vc_row_inner][vc_row_inner][vc_column_inner]<div class=\"benefit-item benefit-border  benefit-item-69f2625fbcd88 \"><div class=\"roof-icon\"><img decoding=\"async\" src=\"https:\/\/www.ultradec.ch\/wp-content\/uploads\/2021\/02\/triangle_ultra.png\" alt=\"\"><\/div><div class=\"benefit-info\"><h2>SCHNELLIGKEIT<\/h2>\n<p>Jede Offertanfrage wird unverz\u00fcglich bearbeitet und die Produktionsfristen sind unschlagbar kurz.<\/p>\n<\/div><\/div>[\/vc_column_inner][\/vc_row_inner][vc_row_inner][vc_column_inner]<div class=\"benefit-item benefit-border  benefit-item-69f2625fbcdf6 \"><div class=\"roof-icon\"><img decoding=\"async\" src=\"https:\/\/www.ultradec.ch\/wp-content\/uploads\/2021\/02\/triangle_ultra.png\" alt=\"\"><\/div><div class=\"benefit-info\"><h2>UNABH\u00c4NGIGKEIT<\/h2>\n<p>Das dynamische Familienunternehmen Ultra D\u00e9colletage SA ist v\u00f6llig unabh\u00e4ngig und bietet seinen Kunden absolute Vertraulichkeit.<\/p>\n<\/div><\/div>[\/vc_column_inner][\/vc_row_inner][\/vc_column][vc_column width=&#8220;1\/2&#8243; css=&#8220;.vc_custom_1497433478801{padding-top: 0px !important;padding-bottom: 0px !important;}&#8220;]<div class=\"request-quote roof-contact-69f2625fbce6e remarque-telechargement\"><div class=\"section-title-wrap\"><h2 class=\"section-title\">Offertanfrage<\/h2><p>Die Gr\u00f6sse der Dateianh\u00e4nge ist auf 5 MB begrenzt. <b>Zul\u00e4ssige Dateierweiterungen<\/b>: pdf, jpg, png, doc, xls<\/p><\/div>\n<div class=\"wpcf7 no-js\" id=\"wpcf7-f4035-o1\" lang=\"fr-FR\" dir=\"ltr\" data-wpcf7-id=\"4035\">\n<div class=\"screen-reader-response\"><p role=\"status\" aria-live=\"polite\" aria-atomic=\"true\"><\/p> <ul><\/ul><\/div>\n<form action=\"\/de\/wp-json\/wp\/v2\/pages\/4017#wpcf7-f4035-o1\" method=\"post\" class=\"wpcf7-form init\" aria-label=\"Formulaire de contact\" enctype=\"multipart\/form-data\" novalidate=\"novalidate\" data-status=\"init\">\n<fieldset class=\"hidden-fields-container\"><input type=\"hidden\" name=\"_wpcf7\" value=\"4035\" \/><input type=\"hidden\" name=\"_wpcf7_version\" value=\"6.1.5\" \/><input type=\"hidden\" name=\"_wpcf7_locale\" value=\"fr_FR\" \/><input type=\"hidden\" name=\"_wpcf7_unit_tag\" value=\"wpcf7-f4035-o1\" \/><input type=\"hidden\" name=\"_wpcf7_container_post\" value=\"0\" \/><input type=\"hidden\" name=\"_wpcf7_posted_data_hash\" value=\"\" \/><input type=\"hidden\" name=\"_wpcf7_recaptcha_response\" value=\"\" \/>\n<\/fieldset>\n<div class=\"row\">\n\t<div class=\"col-md-6 col-sm-6\">\n\t\t<p><span class=\"wpcf7-form-control-wrap\" data-name=\"text-entreprise\"><input size=\"40\" maxlength=\"400\" class=\"wpcf7-form-control wpcf7-text wpcf7-validates-as-required\" aria-required=\"true\" aria-invalid=\"false\" placeholder=\"Firma*\" value=\"\" type=\"text\" name=\"text-entreprise\" \/><\/span><br \/>\n<span class=\"wpcf7-form-control-wrap\" data-name=\"text-nom\"><input size=\"40\" maxlength=\"400\" class=\"wpcf7-form-control wpcf7-text wpcf7-validates-as-required\" aria-required=\"true\" aria-invalid=\"false\" placeholder=\"Name und Vorname*\" value=\"\" type=\"text\" name=\"text-nom\" \/><\/span><br \/>\n<span class=\"wpcf7-form-control-wrap\" data-name=\"your-email\"><input size=\"40\" maxlength=\"400\" class=\"wpcf7-form-control wpcf7-email wpcf7-validates-as-required wpcf7-text wpcf7-validates-as-email\" aria-required=\"true\" aria-invalid=\"false\" placeholder=\"E-mail*\" value=\"\" type=\"email\" name=\"your-email\" \/><\/span><br \/>\n<span class=\"wpcf7-form-control-wrap\" data-name=\"tel-570\"><input size=\"40\" maxlength=\"400\" class=\"wpcf7-form-control wpcf7-tel wpcf7-validates-as-required wpcf7-text wpcf7-validates-as-tel\" aria-required=\"true\" aria-invalid=\"false\" placeholder=\"Telefon*\" value=\"\" type=\"tel\" name=\"tel-570\" \/><\/span>\n\t\t<\/p>\n\t<\/div>\n\t<div class=\"col-md-6 col-sm-6\">\n\t\t<p><span class=\"wpcf7-form-control-wrap\" data-name=\"text-sujet\"><input size=\"40\" maxlength=\"400\" class=\"wpcf7-form-control wpcf7-text wpcf7-validates-as-required\" aria-required=\"true\" aria-invalid=\"false\" placeholder=\"Betreff*\" value=\"\" type=\"text\" name=\"text-sujet\" \/><\/span><br \/>\n<span class=\"wpcf7-form-control-wrap\" data-name=\"textarea-message\"><textarea cols=\"40\" rows=\"10\" maxlength=\"2000\" class=\"wpcf7-form-control wpcf7-textarea wpcf7-validates-as-required\" aria-required=\"true\" aria-invalid=\"false\" placeholder=\"Ihre Mitteilung hier*\" name=\"textarea-message\"><\/textarea><\/span>\n\t\t<\/p>\n\t<\/div>\n\t<div class=\"col-md-12 col-sm-12\">\n\t\t<p><span style=\"color:#888888;\"><b>Anh\u00e4nge:<\/b><\/span><br \/>\n<div id=\"mfcf7_zl_multifilecontainer\"><span class=\"mfcf7-zl-multiline-sample\" style=\"display:none\"><p class=\"wpcf7-form-control-wrap file-annexe\"><input size=\"40\" class=\"wpcf7-form-control wpcf7-multilinefile\" multiple=\"multiple\" value=\"Durchsuchen...\" aria-invalid=\"false\" type=\"file\" name=\"file-annexe[]\" \/> <span class=\"mfcf7-zl-multifile-name\"><\/span><a href=\"javascript:void(0);\" class=\"mfcf7_zl_delete_file\"><span class=\"delete-file\" aria-hidden=\"true\">&#x274C;<\/span><\/a><\/p><\/span><\/div><span class=\"wpcf7-form-control-wrap zl-form-control-wrap file-annexe\"><input size=\"40\" class=\"wpcf7-form-control wpcf7-multilinefile\" multiple=\"multiple\" value=\"Durchsuchen...\" aria-invalid=\"false\" type=\"file\" name=\"file-annexe[]\" \/> <span class=\"mfcf7-zl-multifile-name\"><\/span><a href=\"javascript:void(0);\" class=\"mfcf7_zl_delete_file\"><span class=\"delete-file\" aria-hidden=\"true\">&#x274C;<\/span><\/a><\/span><p><label><span class=\"wpcf7-form-control-wrap\" data-name=\"file-annexe-zl-mfcf7-upld-btn\"><input type=\"button\" name=\"file-annexe-zl-mfcf7-upld-btn\" class=\"button button-primary qbutton\" id=\"mfcf7_zl_add_file\" value=\"Durchsuchen...\"><\/span><\/label><\/p>\n\t\t<\/p>\n\t<\/div>\n\t<div class=\"col-md-6 col-sm-6\">\n\t<span class=\"wpcf7-form-control-wrap recaptcha\" data-name=\"recaptcha\"><span data-sitekey=\"6LdSYIApAAAAACXNiHQgE1753qBCBQ3z5ZoKcQEW\" class=\"wpcf7-form-control wpcf7-recaptcha g-recaptcha\"><\/span>\r\n<noscript>\r\n\t<div class=\"grecaptcha-noscript\">\r\n\t\t<iframe loading=\"lazy\" src=\"https:\/\/www.google.com\/recaptcha\/api\/fallback?k=6LdSYIApAAAAACXNiHQgE1753qBCBQ3z5ZoKcQEW\" frameborder=\"0\" scrolling=\"no\" width=\"310\" height=\"430\">\r\n\t\t<\/iframe>\r\n\t\t<textarea name=\"g-recaptcha-response\" rows=\"3\" cols=\"40\" placeholder=\"reCaptcha Response Here\">\r\n\t\t<\/textarea>\r\n\t<\/div>\r\n<\/noscript>\r\n<\/span>\n\t<\/div>\n\t<div class=\"col-md-12 col-sm-12\">\n\t\t<p><span style=\"margin-top:50px;\"><\/span>\n\t\t<\/p>\n\t\t<div class=\"pull-left\">\n\t\t\t<p><input class=\"wpcf7-form-control wpcf7-submit has-spinner button-primary\" type=\"submit\" value=\"SENDEN\" \/>\n\t\t\t<\/p>\n\t\t<\/div>\n\t<\/div>\n<\/div><p style=\"display: none !important;\" class=\"akismet-fields-container\" data-prefix=\"_wpcf7_ak_\"><label>&#916;<textarea name=\"_wpcf7_ak_hp_textarea\" cols=\"45\" rows=\"8\" maxlength=\"100\"><\/textarea><\/label><input type=\"hidden\" id=\"ak_js_1\" name=\"_wpcf7_ak_js\" value=\"16\"\/><script>document.getElementById( \"ak_js_1\" ).setAttribute( \"value\", ( new Date() ).getTime() );<\/script><\/p><div class=\"wpcf7-response-output\" aria-hidden=\"true\"><\/div>\n<\/form>\n<\/div>\n<\/div>[\/vc_column][\/vc_row][vc_row][vc_column][vc_column_text][\/vc_column_text][\/vc_column][\/vc_row]<\/p>\n<\/div>","protected":false},"excerpt":{"rendered":"[vc_row overlay_dotted=&#8220;&#8220; css=&#8220;.vc_custom_1498128154363{background-color: #ffffff !important;}&#8220;][vc_column css=&#8220;.vc_custom_1497428063250{padding-top: 0px !important;}&#8220;][rev_slider_vc alias=&#8220;roof-slider-1&#8243;][\/vc_column][\/vc_row][vc_row overlay_dotted=&#8220;&#8220; el_class=&#8220;services-wrap&#8220;][vc_column css=&#8220;.vc_custom_1612848267984{padding-top: 0px !important;}&#8220;][vc_custom_heading text=&#8220;Leistungen&#8220; font_container=&#8220;tag:h1|text_align:left|color:%23000000&#8243; google_fonts=&#8220;font_family:Raleway%3A100%2C200%2C300%2Cregular%2C500%2C600%2C700%2C800%2C900|font_style:700%20bold%20regular%3A700%3Anormal&#8220;][vc_row_inner][vc_column_inner width=&#8220;1\/3&#8243;][\/vc_column_inner][vc_column_inner width=&#8220;1\/3&#8243;][\/vc_column_inner][vc_column_inner width=&#8220;1\/3&#8243;][\/vc_column_inner][\/vc_row_inner][\/vc_column][\/vc_row][vc_row overlay_dotted=&#8220;&#8220; el_class=&#8220;services-wrap&#8220;][vc_column css=&#8220;.vc_custom_1612848267984{padding-top: 0px !important;}&#8220;][vc_separator color=&#8220;custom&#8220; accent_color=&#8220;#2d2b2e&#8220;][vc_custom_heading text=&#8220;Anwendungsbereiche&#8220; font_container=&#8220;tag:h1|text_align:left|color:%23000000&#8243; google_fonts=&#8220;font_family:Raleway%3A100%2C200%2C300%2Cregular%2C500%2C600%2C700%2C800%2C900|font_style:700%20bold%20regular%3A700%3Anormal&#8220; css=&#8220;.vc_custom_1614944886948{margin-top: 50px !important;}&#8220;][vc_row_inner][vc_column_inner width=&#8220;1\/3&#8243;][\/vc_column_inner][vc_column_inner width=&#8220;1\/3&#8243;][\/vc_column_inner][vc_column_inner width=&#8220;1\/3&#8243;][\/vc_column_inner][\/vc_row_inner][vc_separator color=&#8220;custom&#8220; css=&#8220;.vc_custom_1643354993487{padding-top: 15px !important;}&#8220; accent_color=&#8220;#2d2b2e&#8220;][\/vc_column][\/vc_row][vc_row overlay_dotted=&#8220;&#8220; css=&#8220;.vc_custom_1642496998744{padding-top: 15px !important;padding-right: 15px !important;padding-bottom: 100px !important;padding-left: 15px !important;}&#8220;][vc_column width=&#8220;1\/2&#8243; css=&#8220;.vc_custom_1497433467970{padding-top: 0px !important;padding-bottom:[&#8230;]","protected":false},"author":5,"featured_media":0,"parent":0,"menu_order":0,"comment_status":"closed","ping_status":"closed","template":"","meta":{"footnotes":""},"class_list":["post-4017","page","type-page","status-publish","hentry"],"yoast_head":"<!-- This site is optimized with the Yoast SEO plugin v27.3 - https:\/\/yoast.com\/product\/yoast-seo-wordpress\/ -->\n<title>Home - Ultra D\u00e9colletage SA<\/title>\n<meta name=\"description\" content=\"Warum uns w\u00e4hlen? Leistungen (Planung, Fertigung, Endbearbeitung) und Anwendungsbereiche (Uhrenindustrie, Ger\u00e4tebau, Ersatzteile).\" \/>\n<meta name=\"robots\" content=\"index, follow, max-snippet:-1, max-image-preview:large, max-video-preview:-1\" \/>\n<link rel=\"canonical\" href=\"https:\/\/www.ultradec.ch\/de\/\" \/>\n<meta property=\"og:locale\" content=\"de_DE\" \/>\n<meta property=\"og:type\" content=\"article\" \/>\n<meta property=\"og:title\" content=\"Home - Ultra D\u00e9colletage SA\" \/>\n<meta property=\"og:description\" content=\"Warum uns w\u00e4hlen? Leistungen (Planung, Fertigung, Endbearbeitung) und Anwendungsbereiche (Uhrenindustrie, Ger\u00e4tebau, Ersatzteile).\" \/>\n<meta property=\"og:url\" content=\"https:\/\/www.ultradec.ch\/de\/\" \/>\n<meta property=\"og:site_name\" content=\"Ultra D\u00e9colletage SA\" \/>\n<meta property=\"article:publisher\" content=\"https:\/\/www.facebook.com\/Ultra-D%c3%a9colletage-SA-268190347407626\/\" \/>\n<meta property=\"article:modified_time\" content=\"2022-01-28T07:40:48+00:00\" \/>\n<meta name=\"twitter:card\" content=\"summary_large_image\" \/>\n<meta name=\"twitter:label1\" content=\"Gesch\u00e4tzte Lesezeit\" \/>\n\t<meta name=\"twitter:data1\" content=\"2\u00a0Minuten\" \/>\n<script type=\"application\/ld+json\" class=\"yoast-schema-graph\">{\"@context\":\"https:\\\/\\\/schema.org\",\"@graph\":[{\"@type\":\"WebPage\",\"@id\":\"https:\\\/\\\/www.ultradec.ch\\\/de\\\/\",\"url\":\"https:\\\/\\\/www.ultradec.ch\\\/de\\\/\",\"name\":\"Home - Ultra D\u00e9colletage SA\",\"isPartOf\":{\"@id\":\"https:\\\/\\\/www.ultradec.ch\\\/de\\\/#website\"},\"datePublished\":\"2021-09-24T08:56:00+00:00\",\"dateModified\":\"2022-01-28T07:40:48+00:00\",\"description\":\"Warum uns w\u00e4hlen? Leistungen (Planung, Fertigung, Endbearbeitung) und Anwendungsbereiche (Uhrenindustrie, Ger\u00e4tebau, Ersatzteile).\",\"breadcrumb\":{\"@id\":\"https:\\\/\\\/www.ultradec.ch\\\/de\\\/#breadcrumb\"},\"inLanguage\":\"de\",\"potentialAction\":[{\"@type\":\"ReadAction\",\"target\":[\"https:\\\/\\\/www.ultradec.ch\\\/de\\\/\"]}]},{\"@type\":\"BreadcrumbList\",\"@id\":\"https:\\\/\\\/www.ultradec.ch\\\/de\\\/#breadcrumb\",\"itemListElement\":[{\"@type\":\"ListItem\",\"position\":1,\"name\":\"Accueil\",\"item\":\"https:\\\/\\\/www.ultradec.ch\\\/de\\\/\"},{\"@type\":\"ListItem\",\"position\":2,\"name\":\"Home\"}]},{\"@type\":\"WebSite\",\"@id\":\"https:\\\/\\\/www.ultradec.ch\\\/de\\\/#website\",\"url\":\"https:\\\/\\\/www.ultradec.ch\\\/de\\\/\",\"name\":\"Ultra D\u00e9colletage SA\",\"description\":\"De la conception \u00e0 la terminaison depuis 1906\",\"publisher\":{\"@id\":\"https:\\\/\\\/www.ultradec.ch\\\/de\\\/#organization\"},\"potentialAction\":[{\"@type\":\"SearchAction\",\"target\":{\"@type\":\"EntryPoint\",\"urlTemplate\":\"https:\\\/\\\/www.ultradec.ch\\\/de\\\/?s={search_term_string}\"},\"query-input\":{\"@type\":\"PropertyValueSpecification\",\"valueRequired\":true,\"valueName\":\"search_term_string\"}}],\"inLanguage\":\"de\"},{\"@type\":\"Organization\",\"@id\":\"https:\\\/\\\/www.ultradec.ch\\\/de\\\/#organization\",\"name\":\"Ultra D\u00e9colletage SA\",\"url\":\"https:\\\/\\\/www.ultradec.ch\\\/de\\\/\",\"logo\":{\"@type\":\"ImageObject\",\"inLanguage\":\"de\",\"@id\":\"https:\\\/\\\/www.ultradec.ch\\\/de\\\/#\\\/schema\\\/logo\\\/image\\\/\",\"url\":\"https:\\\/\\\/www.ultradec.ch\\\/wp-content\\\/uploads\\\/2021\\\/02\\\/logo_ultra.png\",\"contentUrl\":\"https:\\\/\\\/www.ultradec.ch\\\/wp-content\\\/uploads\\\/2021\\\/02\\\/logo_ultra.png\",\"width\":231,\"height\":92,\"caption\":\"Ultra D\u00e9colletage SA\"},\"image\":{\"@id\":\"https:\\\/\\\/www.ultradec.ch\\\/de\\\/#\\\/schema\\\/logo\\\/image\\\/\"},\"sameAs\":[\"https:\\\/\\\/www.facebook.com\\\/Ultra-D\u00e9colletage-SA-268190347407626\\\/\",\"https:\\\/\\\/www.instagram.com\\\/ultra_decolletage\\\/\",\"https:\\\/\\\/www.linkedin.com\\\/company\\\/ultra-decolletage\"]}]}<\/script>\n<!-- \/ Yoast SEO plugin. -->","yoast_head_json":{"title":"Home - Ultra D\u00e9colletage SA","description":"Warum uns w\u00e4hlen? Leistungen (Planung, Fertigung, Endbearbeitung) und Anwendungsbereiche (Uhrenindustrie, Ger\u00e4tebau, Ersatzteile).","robots":{"index":"index","follow":"follow","max-snippet":"max-snippet:-1","max-image-preview":"max-image-preview:large","max-video-preview":"max-video-preview:-1"},"canonical":"https:\/\/www.ultradec.ch\/de\/","og_locale":"de_DE","og_type":"article","og_title":"Home - Ultra D\u00e9colletage SA","og_description":"Warum uns w\u00e4hlen? Leistungen (Planung, Fertigung, Endbearbeitung) und Anwendungsbereiche (Uhrenindustrie, Ger\u00e4tebau, Ersatzteile).","og_url":"https:\/\/www.ultradec.ch\/de\/","og_site_name":"Ultra D\u00e9colletage SA","article_publisher":"https:\/\/www.facebook.com\/Ultra-D%c3%a9colletage-SA-268190347407626\/","article_modified_time":"2022-01-28T07:40:48+00:00","twitter_card":"summary_large_image","twitter_misc":{"Gesch\u00e4tzte Lesezeit":"2\u00a0Minuten"},"schema":{"@context":"https:\/\/schema.org","@graph":[{"@type":"WebPage","@id":"https:\/\/www.ultradec.ch\/de\/","url":"https:\/\/www.ultradec.ch\/de\/","name":"Home - Ultra D\u00e9colletage SA","isPartOf":{"@id":"https:\/\/www.ultradec.ch\/de\/#website"},"datePublished":"2021-09-24T08:56:00+00:00","dateModified":"2022-01-28T07:40:48+00:00","description":"Warum uns w\u00e4hlen? Leistungen (Planung, Fertigung, Endbearbeitung) und Anwendungsbereiche (Uhrenindustrie, Ger\u00e4tebau, Ersatzteile).","breadcrumb":{"@id":"https:\/\/www.ultradec.ch\/de\/#breadcrumb"},"inLanguage":"de","potentialAction":[{"@type":"ReadAction","target":["https:\/\/www.ultradec.ch\/de\/"]}]},{"@type":"BreadcrumbList","@id":"https:\/\/www.ultradec.ch\/de\/#breadcrumb","itemListElement":[{"@type":"ListItem","position":1,"name":"Accueil","item":"https:\/\/www.ultradec.ch\/de\/"},{"@type":"ListItem","position":2,"name":"Home"}]},{"@type":"WebSite","@id":"https:\/\/www.ultradec.ch\/de\/#website","url":"https:\/\/www.ultradec.ch\/de\/","name":"Ultra D\u00e9colletage SA","description":"De la conception \u00e0 la terminaison depuis 1906","publisher":{"@id":"https:\/\/www.ultradec.ch\/de\/#organization"},"potentialAction":[{"@type":"SearchAction","target":{"@type":"EntryPoint","urlTemplate":"https:\/\/www.ultradec.ch\/de\/?s={search_term_string}"},"query-input":{"@type":"PropertyValueSpecification","valueRequired":true,"valueName":"search_term_string"}}],"inLanguage":"de"},{"@type":"Organization","@id":"https:\/\/www.ultradec.ch\/de\/#organization","name":"Ultra D\u00e9colletage SA","url":"https:\/\/www.ultradec.ch\/de\/","logo":{"@type":"ImageObject","inLanguage":"de","@id":"https:\/\/www.ultradec.ch\/de\/#\/schema\/logo\/image\/","url":"https:\/\/www.ultradec.ch\/wp-content\/uploads\/2021\/02\/logo_ultra.png","contentUrl":"https:\/\/www.ultradec.ch\/wp-content\/uploads\/2021\/02\/logo_ultra.png","width":231,"height":92,"caption":"Ultra D\u00e9colletage SA"},"image":{"@id":"https:\/\/www.ultradec.ch\/de\/#\/schema\/logo\/image\/"},"sameAs":["https:\/\/www.facebook.com\/Ultra-D\u00e9colletage-SA-268190347407626\/","https:\/\/www.instagram.com\/ultra_decolletage\/","https:\/\/www.linkedin.com\/company\/ultra-decolletage"]}]}},"_links":{"self":[{"href":"https:\/\/www.ultradec.ch\/de\/wp-json\/wp\/v2\/pages\/4017","targetHints":{"allow":["GET"]}}],"collection":[{"href":"https:\/\/www.ultradec.ch\/de\/wp-json\/wp\/v2\/pages"}],"about":[{"href":"https:\/\/www.ultradec.ch\/de\/wp-json\/wp\/v2\/types\/page"}],"author":[{"embeddable":true,"href":"https:\/\/www.ultradec.ch\/de\/wp-json\/wp\/v2\/users\/5"}],"replies":[{"embeddable":true,"href":"https:\/\/www.ultradec.ch\/de\/wp-json\/wp\/v2\/comments?post=4017"}],"version-history":[{"count":5,"href":"https:\/\/www.ultradec.ch\/de\/wp-json\/wp\/v2\/pages\/4017\/revisions"}],"predecessor-version":[{"id":4938,"href":"https:\/\/www.ultradec.ch\/de\/wp-json\/wp\/v2\/pages\/4017\/revisions\/4938"}],"wp:attachment":[{"href":"https:\/\/www.ultradec.ch\/de\/wp-json\/wp\/v2\/media?parent=4017"}],"curies":[{"name":"wp","href":"https:\/\/api.w.org\/{rel}","templated":true}]}}