{"id":4042,"date":"2021-09-27T10:48:06","date_gmt":"2021-09-27T08:48:06","guid":{"rendered":"https:\/\/www.ultradec.ch\/praesentation\/"},"modified":"2022-01-28T09:11:37","modified_gmt":"2022-01-28T08:11:37","slug":"praesentation","status":"publish","type":"page","link":"https:\/\/www.ultradec.ch\/de\/praesentation\/","title":{"rendered":"Pr\u00e4sentation"},"content":{"rendered":"<div class=\"wpb-content-wrapper\"><p>[vc_row][vc_column][vc_single_image image=&#8220;4548&#8243; img_size=&#8220;full&#8220;][\/vc_column][\/vc_row][vc_row][vc_column][vc_column_text css=&#8220;.vc_custom_1635776174196{margin-bottom: 15px !important;padding-bottom: 0px !important;}&#8220;]<h1 class=\"detail-title\">Pr\u00e4sentation<\/h1>[\/vc_column_text][vc_column_text]<\/p>\n<h3 class=\"history-title\">Ultra D\u00e9colletage SA<br \/>\nWenn sich Tradition und Technologie mit H\u00f6chstleistung paaren<\/h3>\n<p>Das Schweizer Familienunternehmen Ultra D\u00e9colletage SA ist auf hochpr\u00e4zise Uhrenbestandteile und Drehteile spezialisiert und \u00fcberzeugt seit \u00fcber 100 Jahren durch Spitzenleistungen.<\/p>\n<p><strong><em>Das Unternehmen hat im Laufe der Jahre seine Unabh\u00e4ngigkeit bewahrt und kann so heute alle Bed\u00fcrfnisse seiner Kundschaft befriedigen.<\/em><\/strong><\/p>\n<p>Seit seiner Gr\u00fcndung 1906 ist es im Jurabogen, der Wiege der schweizerischen Uhrenindustrie, angesiedelt und st\u00fctzt sich auf ein umfassendes Know-how in der Fertigung einer breiten Produktpalette.<\/p>\n<p>Die innovative Ultra D\u00e9colletage SA erf\u00fcllt sehr spezifische Bed\u00fcrfnisse einer anspruchsvollen internationalen Kundschaft. Sie arbeitet unabl\u00e4ssig an der Entwicklung neuer Fertigungstechniken und an der Steigerung ihrer Leistungsf\u00e4higkeit. Gleichzeitig investiert sie laufend in die Modernisierung und Erweiterung ihres Maschinenparks, um den vom aktuellen Markt geforderten Produktionskapazit\u00e4ten gerecht zu werden.<\/p>\n<p>Das zukunftsorientierte Unternehmen besch\u00e4ftigt in Court rund dreissig hochqualifizierte Mitarbeitende und ist stolz auf seine Tradition und das erworbene Know-how.[\/vc_column_text][\/vc_column][\/vc_row]<\/p>\n<\/div>","protected":false},"excerpt":{"rendered":"[vc_row][vc_column][vc_single_image image=&#8220;4548&#8243; img_size=&#8220;full&#8220;][\/vc_column][\/vc_row][vc_row][vc_column][vc_column_text css=&#8220;.vc_custom_1635776174196{margin-bottom: 15px !important;padding-bottom: 0px !important;}&#8220;][\/vc_column_text][vc_column_text] Ultra D\u00e9colletage SA Wenn sich Tradition und Technologie mit H\u00f6chstleistung paaren Das Schweizer Familienunternehmen Ultra D\u00e9colletage SA ist auf hochpr\u00e4zise Uhrenbestandteile und Drehteile spezialisiert und \u00fcberzeugt seit \u00fcber 100 Jahren durch Spitzenleistungen. Das Unternehmen hat im Laufe der Jahre seine Unabh\u00e4ngigkeit bewahrt und kann so heute alle[&#8230;]","protected":false},"author":5,"featured_media":0,"parent":0,"menu_order":0,"comment_status":"closed","ping_status":"closed","template":"","meta":{"footnotes":""},"class_list":["post-4042","page","type-page","status-publish","hentry"],"yoast_head":"<!-- This site is optimized with the Yoast SEO plugin v27.3 - https:\/\/yoast.com\/product\/yoast-seo-wordpress\/ -->\n<title>Pr\u00e4sentation - Ultra D\u00e9colletage SA<\/title>\n<meta name=\"description\" content=\"Wenn sich Tradition und Technologie mit H\u00f6chstleistung paaren. Pr\u00e4sentation des Familienunternehmens Ultra D\u00e9colletage SA.\" \/>\n<meta name=\"robots\" content=\"index, follow, max-snippet:-1, max-image-preview:large, max-video-preview:-1\" \/>\n<link rel=\"canonical\" href=\"https:\/\/www.ultradec.ch\/de\/praesentation\/\" \/>\n<meta property=\"og:locale\" content=\"de_DE\" \/>\n<meta property=\"og:type\" content=\"article\" \/>\n<meta property=\"og:title\" content=\"Pr\u00e4sentation - Ultra D\u00e9colletage SA\" \/>\n<meta property=\"og:description\" content=\"Wenn sich Tradition und Technologie mit H\u00f6chstleistung paaren. Pr\u00e4sentation des Familienunternehmens Ultra D\u00e9colletage SA.\" \/>\n<meta property=\"og:url\" content=\"https:\/\/www.ultradec.ch\/de\/praesentation\/\" \/>\n<meta property=\"og:site_name\" content=\"Ultra D\u00e9colletage SA\" \/>\n<meta property=\"article:publisher\" content=\"https:\/\/www.facebook.com\/Ultra-D%c3%a9colletage-SA-268190347407626\/\" \/>\n<meta property=\"article:modified_time\" content=\"2022-01-28T08:11:37+00:00\" \/>\n<meta name=\"twitter:card\" content=\"summary_large_image\" \/>\n<meta name=\"twitter:label1\" content=\"Gesch\u00e4tzte Lesezeit\" \/>\n\t<meta name=\"twitter:data1\" content=\"1\u00a0Minute\" \/>\n<script type=\"application\/ld+json\" class=\"yoast-schema-graph\">{\"@context\":\"https:\\\/\\\/schema.org\",\"@graph\":[{\"@type\":\"WebPage\",\"@id\":\"https:\\\/\\\/www.ultradec.ch\\\/de\\\/praesentation\\\/\",\"url\":\"https:\\\/\\\/www.ultradec.ch\\\/de\\\/praesentation\\\/\",\"name\":\"Pr\u00e4sentation - Ultra D\u00e9colletage SA\",\"isPartOf\":{\"@id\":\"https:\\\/\\\/www.ultradec.ch\\\/de\\\/#website\"},\"datePublished\":\"2021-09-27T08:48:06+00:00\",\"dateModified\":\"2022-01-28T08:11:37+00:00\",\"description\":\"Wenn sich Tradition und Technologie mit H\u00f6chstleistung paaren. Pr\u00e4sentation des Familienunternehmens Ultra D\u00e9colletage SA.\",\"breadcrumb\":{\"@id\":\"https:\\\/\\\/www.ultradec.ch\\\/de\\\/praesentation\\\/#breadcrumb\"},\"inLanguage\":\"de\",\"potentialAction\":[{\"@type\":\"ReadAction\",\"target\":[\"https:\\\/\\\/www.ultradec.ch\\\/de\\\/praesentation\\\/\"]}]},{\"@type\":\"BreadcrumbList\",\"@id\":\"https:\\\/\\\/www.ultradec.ch\\\/de\\\/praesentation\\\/#breadcrumb\",\"itemListElement\":[{\"@type\":\"ListItem\",\"position\":1,\"name\":\"Accueil\",\"item\":\"https:\\\/\\\/www.ultradec.ch\\\/de\\\/\"},{\"@type\":\"ListItem\",\"position\":2,\"name\":\"Pr\u00e4sentation\"}]},{\"@type\":\"WebSite\",\"@id\":\"https:\\\/\\\/www.ultradec.ch\\\/de\\\/#website\",\"url\":\"https:\\\/\\\/www.ultradec.ch\\\/de\\\/\",\"name\":\"Ultra D\u00e9colletage SA\",\"description\":\"De la conception \u00e0 la terminaison depuis 1906\",\"publisher\":{\"@id\":\"https:\\\/\\\/www.ultradec.ch\\\/de\\\/#organization\"},\"potentialAction\":[{\"@type\":\"SearchAction\",\"target\":{\"@type\":\"EntryPoint\",\"urlTemplate\":\"https:\\\/\\\/www.ultradec.ch\\\/de\\\/?s={search_term_string}\"},\"query-input\":{\"@type\":\"PropertyValueSpecification\",\"valueRequired\":true,\"valueName\":\"search_term_string\"}}],\"inLanguage\":\"de\"},{\"@type\":\"Organization\",\"@id\":\"https:\\\/\\\/www.ultradec.ch\\\/de\\\/#organization\",\"name\":\"Ultra D\u00e9colletage SA\",\"url\":\"https:\\\/\\\/www.ultradec.ch\\\/de\\\/\",\"logo\":{\"@type\":\"ImageObject\",\"inLanguage\":\"de\",\"@id\":\"https:\\\/\\\/www.ultradec.ch\\\/de\\\/#\\\/schema\\\/logo\\\/image\\\/\",\"url\":\"https:\\\/\\\/www.ultradec.ch\\\/wp-content\\\/uploads\\\/2021\\\/02\\\/logo_ultra.png\",\"contentUrl\":\"https:\\\/\\\/www.ultradec.ch\\\/wp-content\\\/uploads\\\/2021\\\/02\\\/logo_ultra.png\",\"width\":231,\"height\":92,\"caption\":\"Ultra D\u00e9colletage SA\"},\"image\":{\"@id\":\"https:\\\/\\\/www.ultradec.ch\\\/de\\\/#\\\/schema\\\/logo\\\/image\\\/\"},\"sameAs\":[\"https:\\\/\\\/www.facebook.com\\\/Ultra-D\u00e9colletage-SA-268190347407626\\\/\",\"https:\\\/\\\/www.instagram.com\\\/ultra_decolletage\\\/\",\"https:\\\/\\\/www.linkedin.com\\\/company\\\/ultra-decolletage\"]}]}<\/script>\n<!-- \/ Yoast SEO plugin. -->","yoast_head_json":{"title":"Pr\u00e4sentation - Ultra D\u00e9colletage SA","description":"Wenn sich Tradition und Technologie mit H\u00f6chstleistung paaren. Pr\u00e4sentation des Familienunternehmens Ultra D\u00e9colletage SA.","robots":{"index":"index","follow":"follow","max-snippet":"max-snippet:-1","max-image-preview":"max-image-preview:large","max-video-preview":"max-video-preview:-1"},"canonical":"https:\/\/www.ultradec.ch\/de\/praesentation\/","og_locale":"de_DE","og_type":"article","og_title":"Pr\u00e4sentation - Ultra D\u00e9colletage SA","og_description":"Wenn sich Tradition und Technologie mit H\u00f6chstleistung paaren. Pr\u00e4sentation des Familienunternehmens Ultra D\u00e9colletage SA.","og_url":"https:\/\/www.ultradec.ch\/de\/praesentation\/","og_site_name":"Ultra D\u00e9colletage SA","article_publisher":"https:\/\/www.facebook.com\/Ultra-D%c3%a9colletage-SA-268190347407626\/","article_modified_time":"2022-01-28T08:11:37+00:00","twitter_card":"summary_large_image","twitter_misc":{"Gesch\u00e4tzte Lesezeit":"1\u00a0Minute"},"schema":{"@context":"https:\/\/schema.org","@graph":[{"@type":"WebPage","@id":"https:\/\/www.ultradec.ch\/de\/praesentation\/","url":"https:\/\/www.ultradec.ch\/de\/praesentation\/","name":"Pr\u00e4sentation - Ultra D\u00e9colletage SA","isPartOf":{"@id":"https:\/\/www.ultradec.ch\/de\/#website"},"datePublished":"2021-09-27T08:48:06+00:00","dateModified":"2022-01-28T08:11:37+00:00","description":"Wenn sich Tradition und Technologie mit H\u00f6chstleistung paaren. Pr\u00e4sentation des Familienunternehmens Ultra D\u00e9colletage SA.","breadcrumb":{"@id":"https:\/\/www.ultradec.ch\/de\/praesentation\/#breadcrumb"},"inLanguage":"de","potentialAction":[{"@type":"ReadAction","target":["https:\/\/www.ultradec.ch\/de\/praesentation\/"]}]},{"@type":"BreadcrumbList","@id":"https:\/\/www.ultradec.ch\/de\/praesentation\/#breadcrumb","itemListElement":[{"@type":"ListItem","position":1,"name":"Accueil","item":"https:\/\/www.ultradec.ch\/de\/"},{"@type":"ListItem","position":2,"name":"Pr\u00e4sentation"}]},{"@type":"WebSite","@id":"https:\/\/www.ultradec.ch\/de\/#website","url":"https:\/\/www.ultradec.ch\/de\/","name":"Ultra D\u00e9colletage SA","description":"De la conception \u00e0 la terminaison depuis 1906","publisher":{"@id":"https:\/\/www.ultradec.ch\/de\/#organization"},"potentialAction":[{"@type":"SearchAction","target":{"@type":"EntryPoint","urlTemplate":"https:\/\/www.ultradec.ch\/de\/?s={search_term_string}"},"query-input":{"@type":"PropertyValueSpecification","valueRequired":true,"valueName":"search_term_string"}}],"inLanguage":"de"},{"@type":"Organization","@id":"https:\/\/www.ultradec.ch\/de\/#organization","name":"Ultra D\u00e9colletage SA","url":"https:\/\/www.ultradec.ch\/de\/","logo":{"@type":"ImageObject","inLanguage":"de","@id":"https:\/\/www.ultradec.ch\/de\/#\/schema\/logo\/image\/","url":"https:\/\/www.ultradec.ch\/wp-content\/uploads\/2021\/02\/logo_ultra.png","contentUrl":"https:\/\/www.ultradec.ch\/wp-content\/uploads\/2021\/02\/logo_ultra.png","width":231,"height":92,"caption":"Ultra D\u00e9colletage SA"},"image":{"@id":"https:\/\/www.ultradec.ch\/de\/#\/schema\/logo\/image\/"},"sameAs":["https:\/\/www.facebook.com\/Ultra-D\u00e9colletage-SA-268190347407626\/","https:\/\/www.instagram.com\/ultra_decolletage\/","https:\/\/www.linkedin.com\/company\/ultra-decolletage"]}]}},"_links":{"self":[{"href":"https:\/\/www.ultradec.ch\/de\/wp-json\/wp\/v2\/pages\/4042","targetHints":{"allow":["GET"]}}],"collection":[{"href":"https:\/\/www.ultradec.ch\/de\/wp-json\/wp\/v2\/pages"}],"about":[{"href":"https:\/\/www.ultradec.ch\/de\/wp-json\/wp\/v2\/types\/page"}],"author":[{"embeddable":true,"href":"https:\/\/www.ultradec.ch\/de\/wp-json\/wp\/v2\/users\/5"}],"replies":[{"embeddable":true,"href":"https:\/\/www.ultradec.ch\/de\/wp-json\/wp\/v2\/comments?post=4042"}],"version-history":[{"count":5,"href":"https:\/\/www.ultradec.ch\/de\/wp-json\/wp\/v2\/pages\/4042\/revisions"}],"predecessor-version":[{"id":4558,"href":"https:\/\/www.ultradec.ch\/de\/wp-json\/wp\/v2\/pages\/4042\/revisions\/4558"}],"wp:attachment":[{"href":"https:\/\/www.ultradec.ch\/de\/wp-json\/wp\/v2\/media?parent=4042"}],"curies":[{"name":"wp","href":"https:\/\/api.w.org\/{rel}","templated":true}]}}