{"id":4059,"date":"2021-09-27T13:37:28","date_gmt":"2021-09-27T11:37:28","guid":{"rendered":"https:\/\/www.ultradec.ch\/geschichte\/"},"modified":"2024-03-28T09:42:39","modified_gmt":"2024-03-28T08:42:39","slug":"geschichte","status":"publish","type":"page","link":"https:\/\/www.ultradec.ch\/de\/geschichte\/","title":{"rendered":"Geschichte"},"content":{"rendered":"<div class=\"wpb-content-wrapper\"><p>[vc_row][vc_column][vc_single_image image=&#8220;4525&#8243; img_size=&#8220;full&#8220; alignment=&#8220;center&#8220; el_class=&#8220;historique&#8220;][\/vc_column][\/vc_row][vc_row parallax=&#8220;content-moving&#8220; overlay_dotted=&#8220;&#8220;][vc_column][vc_column_text]<\/p>\n<h6 style=\"text-align: left;\"><blockquote class=\" roof-blockquote-69e4920ac66db\"><p>&#8222;&#8230; zwei aus dem Nachbardorf von Court stammende junge Mechaniker namens Lardon und Marchand kaufen Junker mehrere Maschinen samt Ausr\u00fcstung ab. 1906 gr\u00fcnden sie die Fabrik Ultra.&#8220;<\/h6>\n<p>Pierre-Yves Donz\u00e9, \u00abHistoire de l\u2019industrie horlog\u00e8re suisse\u00bb (2009), S. 59 59<\/p>\n<\/blockquote>[\/vc_column_text][vc_separator][vc_column_text css=&#8220;.vc_custom_1643291381115{margin-bottom: 15px !important;padding-bottom: 0px !important;}&#8220;]<h1 class=\"detail-title\">Geschichte<\/h1>[\/vc_column_text][vc_column_text]<\/p>\n<h3 class=\"history-title\"><span class=\"history-year\">1906<\/span><\/h3>\n<p>Paul Lardon und Alfred Marchand kaufen gemeinsam einige Maschinen und Werkzeuge und gr\u00fcnden in Court eine Uhrenfabrik, die sich auf die Herstellung von Federwellen und fertigen Aufzugswellen f\u00fcr die Uhrenindustrie spezialisiert.[\/vc_column_text][vc_separator][vc_column_text]<\/p>\n<h3 class=\"history-title\"><span class=\"history-year\">1932<\/span><\/h3>\n<p>Alfred Marchand \u00fcbernimmt die alleinige F\u00fchrung des Unternehmens. F\u00fcnf Jahre sp\u00e4ter stossen seine S\u00f6hne Roger und Francis hinzu.[\/vc_column_text][vc_separator][vc_column_text]<\/p>\n<h3 class=\"history-title\"><span class=\"history-year\">1947<\/span><\/h3>\n<p>Der Firmenname wird in \u00abFabrique ULTRA\u00bb abge\u00e4ndert.[\/vc_column_text][vc_separator][vc_column_text]<\/p>\n<h3 class=\"history-title\"><span class=\"history-year\">1968<\/span><\/h3>\n<p>In der dritten Generation werden die Aktivit\u00e4ten des Familienunternehmens von Jean-Luc Marchand und Bernard Aimone weiter ausgebaut.[\/vc_column_text][vc_separator][vc_column_text]<\/p>\n<h3 class=\"history-title\"><span class=\"history-year\">1970<\/span><\/h3>\n<p>Die in den 1970er-Jahren aufkommende Quarzuhr f\u00fchrt zu einem tief greifenden technologischen Wandel und erfordert von den Herstellern radikale Anpassungen. ULTRA stellt deutlich weniger Werkteile f\u00fcr mechanische Uhren her und richtet sich neu auf die Herstellung von Bauteilen f\u00fcr die Zeigerstellung elektronischer Uhren aus. Um seinen Fortbestand zu sichern, diversifiziert das Unternehmen seine T\u00e4tigkeit und spezialisiert sich auf die Fertigung von komplexen Drehteilen und Kleinger\u00e4ten.[\/vc_column_text][vc_separator][vc_column_text]<\/p>\n<h3 class=\"history-title\"><span class=\"history-year\">1991<\/span><\/h3>\n<p>ULTRA w\u00e4chst und modernisiert seine R\u00e4umlichkeiten. Mit dem Wiederaufschwung der mechanischen Uhr in den 1990er-Jahren nimmt das Unternehmen die anspruchsvolle Herstellung von hochwertigen Federwellen und anderen Werkteilen f\u00fcr mechanische Uhrwerke wieder auf.[\/vc_column_text][vc_separator][vc_column_text]<\/p>\n<h3 class=\"history-title\"><span class=\"history-year\">2000<\/span><\/h3>\n<p>Ab den 2000er-Jahren erweitert ULTRA seine Produktionsmittel durch leistungsf\u00e4hige Maschinen mit numerischer Steuerung, um die qualitativen und quantitativen Anforderungen modernster Technologien zu erf\u00fcllen.[\/vc_column_text][vc_separator][vc_column_text]<\/p>\n<h3 class=\"history-title\"><span class=\"history-year\">2005<\/span><\/h3>\n<p>Die vierte Generation mit Sylvain Marchand und drei Jahre sp\u00e4ter Benoit Marchand tritt ins Familienunternehmen in Court ein und garantiert seine Kontinuit\u00e4t. Bald darauf modernisieren sie die Produktion, die Anlagen und die Kontrollmittel.[\/vc_column_text][vc_separator][vc_column_text]<\/p>\n<h3 class=\"history-title\"><span class=\"history-year\">2007<\/span><\/h3>\n<p>Das Unternehmen im Jurabogen vergr\u00f6ssert seine Produktionsfl\u00e4che und widmet ein ganzes Geb\u00e4ude allein der Endbearbeitung von Uhrenteilen.[\/vc_column_text][vc_separator][vc_column_text]<\/p>\n<h3 class=\"history-title\"><span class=\"history-year\">2008<\/span><\/h3>\n<p>Der Firmenname wird in ULTRA D\u00e9colletage SA umbenannt.[\/vc_column_text][vc_separator][vc_column_text]<\/p>\n<h3 class=\"history-title\"><span class=\"history-year\">2013<\/span><\/h3>\n<p>Ultra D\u00e9colletage SA entwickelt einen modernen und optimierten Industrieprozess f\u00fcr Kupplungstriebe und Aufzugswellen in verschiedensten St\u00fcckzahlen.[\/vc_column_text][vc_separator][vc_column_text]<\/p>\n<h3 class=\"history-title\"><span class=\"history-year\">2015<\/span><\/h3>\n<p>Die Anschaffung eines CAD-Systems erm\u00f6glicht es dem Unternehmen, selbst Systeme und Pl\u00e4ne f\u00fcr seine Kunden zu entwickeln.[\/vc_column_text][vc_separator][vc_column_text]<\/p>\n<h3 class=\"history-title\"><span class=\"history-year\">2017<\/span><\/h3>\n<p>Es wird eine CAM-Anlage installiert und die Produktionskapazit\u00e4t steigt auf bis zu 22 mm Durchmesser.[\/vc_column_text][vc_separator][vc_column_text]<\/p>\n<h3 class=\"history-title\"><span class=\"history-year\">2020<\/span><\/h3>\n<p>Mit Investitionen in neue Ger\u00e4te perfektioniert das Unternehmen seine Kontrollmittel.[\/vc_column_text][vc_separator][vc_column_text]<\/p>\n<h3 class=\"history-title\"><span class=\"history-year\">2022<\/span><\/h3>\n<p>Nach rund zehn Jahren T\u00e4tigkeit f\u00fcr das Unternehmen, davon mehrere Jahre als Leiter der Dreherei, wurde Jonathan Boillat Aktion\u00e4r der Ultra D\u00e9colletage SA und als Direktor Mitglied des Verwaltungsrats an der Seite von Benoit und Sylvain Marchand.[\/vc_column_text][vc_separator][\/vc_column][\/vc_row]<\/p>\n<\/div>","protected":false},"excerpt":{"rendered":"[vc_row][vc_column][vc_single_image image=&#8220;4525&#8243; img_size=&#8220;full&#8220; alignment=&#8220;center&#8220; el_class=&#8220;historique&#8220;][\/vc_column][\/vc_row][vc_row parallax=&#8220;content-moving&#8220; overlay_dotted=&#8220;&#8220;][vc_column][vc_column_text] [\/vc_column_text][vc_separator][vc_column_text css=&#8220;.vc_custom_1643291381115{margin-bottom: 15px !important;padding-bottom: 0px !important;}&#8220;][\/vc_column_text][vc_column_text] 1906 Paul Lardon und Alfred Marchand kaufen gemeinsam einige Maschinen und Werkzeuge und gr\u00fcnden in Court eine Uhrenfabrik, die sich auf die Herstellung von Federwellen und fertigen Aufzugswellen f\u00fcr die Uhrenindustrie spezialisiert.[\/vc_column_text][vc_separator][vc_column_text] 1932 Alfred Marchand \u00fcbernimmt die alleinige F\u00fchrung des Unternehmens. F\u00fcnf[&#8230;]","protected":false},"author":5,"featured_media":0,"parent":0,"menu_order":0,"comment_status":"closed","ping_status":"closed","template":"","meta":{"footnotes":""},"class_list":["post-4059","page","type-page","status-publish","hentry"],"yoast_head":"<!-- This site is optimized with the Yoast SEO plugin v27.4 - https:\/\/yoast.com\/product\/yoast-seo-wordpress\/ -->\n<title>Geschichte - Ultra D\u00e9colletage SA<\/title>\n<meta name=\"description\" content=\"Entdecken Sie die Geschichte des Familienunternehmens Ultra D\u00e9colletage SA in Court seit seiner Gr\u00fcndung im Jahr 1906.\" \/>\n<meta name=\"robots\" content=\"index, follow, max-snippet:-1, max-image-preview:large, max-video-preview:-1\" \/>\n<link rel=\"canonical\" href=\"https:\/\/www.ultradec.ch\/de\/geschichte\/\" \/>\n<meta property=\"og:locale\" content=\"de_DE\" \/>\n<meta property=\"og:type\" content=\"article\" \/>\n<meta property=\"og:title\" content=\"Geschichte - Ultra D\u00e9colletage SA\" \/>\n<meta property=\"og:description\" content=\"Entdecken Sie die Geschichte des Familienunternehmens Ultra D\u00e9colletage SA in Court seit seiner Gr\u00fcndung im Jahr 1906.\" \/>\n<meta property=\"og:url\" content=\"https:\/\/www.ultradec.ch\/de\/geschichte\/\" \/>\n<meta property=\"og:site_name\" content=\"Ultra D\u00e9colletage SA\" \/>\n<meta property=\"article:publisher\" content=\"https:\/\/www.facebook.com\/Ultra-D%c3%a9colletage-SA-268190347407626\/\" \/>\n<meta property=\"article:modified_time\" content=\"2024-03-28T08:42:39+00:00\" \/>\n<meta name=\"twitter:card\" content=\"summary_large_image\" \/>\n<meta name=\"twitter:label1\" content=\"Gesch\u00e4tzte Lesezeit\" \/>\n\t<meta name=\"twitter:data1\" content=\"2\u00a0Minuten\" \/>\n<script type=\"application\/ld+json\" class=\"yoast-schema-graph\">{\"@context\":\"https:\\\/\\\/schema.org\",\"@graph\":[{\"@type\":\"WebPage\",\"@id\":\"https:\\\/\\\/www.ultradec.ch\\\/de\\\/geschichte\\\/\",\"url\":\"https:\\\/\\\/www.ultradec.ch\\\/de\\\/geschichte\\\/\",\"name\":\"Geschichte - Ultra D\u00e9colletage SA\",\"isPartOf\":{\"@id\":\"https:\\\/\\\/www.ultradec.ch\\\/de\\\/#website\"},\"datePublished\":\"2021-09-27T11:37:28+00:00\",\"dateModified\":\"2024-03-28T08:42:39+00:00\",\"description\":\"Entdecken Sie die Geschichte des Familienunternehmens Ultra D\u00e9colletage SA in Court seit seiner Gr\u00fcndung im Jahr 1906.\",\"breadcrumb\":{\"@id\":\"https:\\\/\\\/www.ultradec.ch\\\/de\\\/geschichte\\\/#breadcrumb\"},\"inLanguage\":\"de\",\"potentialAction\":[{\"@type\":\"ReadAction\",\"target\":[\"https:\\\/\\\/www.ultradec.ch\\\/de\\\/geschichte\\\/\"]}]},{\"@type\":\"BreadcrumbList\",\"@id\":\"https:\\\/\\\/www.ultradec.ch\\\/de\\\/geschichte\\\/#breadcrumb\",\"itemListElement\":[{\"@type\":\"ListItem\",\"position\":1,\"name\":\"Accueil\",\"item\":\"https:\\\/\\\/www.ultradec.ch\\\/de\\\/\"},{\"@type\":\"ListItem\",\"position\":2,\"name\":\"Geschichte\"}]},{\"@type\":\"WebSite\",\"@id\":\"https:\\\/\\\/www.ultradec.ch\\\/de\\\/#website\",\"url\":\"https:\\\/\\\/www.ultradec.ch\\\/de\\\/\",\"name\":\"Ultra D\u00e9colletage SA\",\"description\":\"De la conception \u00e0 la terminaison depuis 1906\",\"publisher\":{\"@id\":\"https:\\\/\\\/www.ultradec.ch\\\/de\\\/#organization\"},\"potentialAction\":[{\"@type\":\"SearchAction\",\"target\":{\"@type\":\"EntryPoint\",\"urlTemplate\":\"https:\\\/\\\/www.ultradec.ch\\\/de\\\/?s={search_term_string}\"},\"query-input\":{\"@type\":\"PropertyValueSpecification\",\"valueRequired\":true,\"valueName\":\"search_term_string\"}}],\"inLanguage\":\"de\"},{\"@type\":\"Organization\",\"@id\":\"https:\\\/\\\/www.ultradec.ch\\\/de\\\/#organization\",\"name\":\"Ultra D\u00e9colletage SA\",\"url\":\"https:\\\/\\\/www.ultradec.ch\\\/de\\\/\",\"logo\":{\"@type\":\"ImageObject\",\"inLanguage\":\"de\",\"@id\":\"https:\\\/\\\/www.ultradec.ch\\\/de\\\/#\\\/schema\\\/logo\\\/image\\\/\",\"url\":\"https:\\\/\\\/www.ultradec.ch\\\/wp-content\\\/uploads\\\/2021\\\/02\\\/logo_ultra.png\",\"contentUrl\":\"https:\\\/\\\/www.ultradec.ch\\\/wp-content\\\/uploads\\\/2021\\\/02\\\/logo_ultra.png\",\"width\":231,\"height\":92,\"caption\":\"Ultra D\u00e9colletage SA\"},\"image\":{\"@id\":\"https:\\\/\\\/www.ultradec.ch\\\/de\\\/#\\\/schema\\\/logo\\\/image\\\/\"},\"sameAs\":[\"https:\\\/\\\/www.facebook.com\\\/Ultra-D\u00e9colletage-SA-268190347407626\\\/\",\"https:\\\/\\\/www.instagram.com\\\/ultra_decolletage\\\/\",\"https:\\\/\\\/www.linkedin.com\\\/company\\\/ultra-decolletage\"]}]}<\/script>\n<!-- \/ Yoast SEO plugin. -->","yoast_head_json":{"title":"Geschichte - Ultra D\u00e9colletage SA","description":"Entdecken Sie die Geschichte des Familienunternehmens Ultra D\u00e9colletage SA in Court seit seiner Gr\u00fcndung im Jahr 1906.","robots":{"index":"index","follow":"follow","max-snippet":"max-snippet:-1","max-image-preview":"max-image-preview:large","max-video-preview":"max-video-preview:-1"},"canonical":"https:\/\/www.ultradec.ch\/de\/geschichte\/","og_locale":"de_DE","og_type":"article","og_title":"Geschichte - Ultra D\u00e9colletage SA","og_description":"Entdecken Sie die Geschichte des Familienunternehmens Ultra D\u00e9colletage SA in Court seit seiner Gr\u00fcndung im Jahr 1906.","og_url":"https:\/\/www.ultradec.ch\/de\/geschichte\/","og_site_name":"Ultra D\u00e9colletage SA","article_publisher":"https:\/\/www.facebook.com\/Ultra-D%c3%a9colletage-SA-268190347407626\/","article_modified_time":"2024-03-28T08:42:39+00:00","twitter_card":"summary_large_image","twitter_misc":{"Gesch\u00e4tzte Lesezeit":"2\u00a0Minuten"},"schema":{"@context":"https:\/\/schema.org","@graph":[{"@type":"WebPage","@id":"https:\/\/www.ultradec.ch\/de\/geschichte\/","url":"https:\/\/www.ultradec.ch\/de\/geschichte\/","name":"Geschichte - Ultra D\u00e9colletage SA","isPartOf":{"@id":"https:\/\/www.ultradec.ch\/de\/#website"},"datePublished":"2021-09-27T11:37:28+00:00","dateModified":"2024-03-28T08:42:39+00:00","description":"Entdecken Sie die Geschichte des Familienunternehmens Ultra D\u00e9colletage SA in Court seit seiner Gr\u00fcndung im Jahr 1906.","breadcrumb":{"@id":"https:\/\/www.ultradec.ch\/de\/geschichte\/#breadcrumb"},"inLanguage":"de","potentialAction":[{"@type":"ReadAction","target":["https:\/\/www.ultradec.ch\/de\/geschichte\/"]}]},{"@type":"BreadcrumbList","@id":"https:\/\/www.ultradec.ch\/de\/geschichte\/#breadcrumb","itemListElement":[{"@type":"ListItem","position":1,"name":"Accueil","item":"https:\/\/www.ultradec.ch\/de\/"},{"@type":"ListItem","position":2,"name":"Geschichte"}]},{"@type":"WebSite","@id":"https:\/\/www.ultradec.ch\/de\/#website","url":"https:\/\/www.ultradec.ch\/de\/","name":"Ultra D\u00e9colletage SA","description":"De la conception \u00e0 la terminaison depuis 1906","publisher":{"@id":"https:\/\/www.ultradec.ch\/de\/#organization"},"potentialAction":[{"@type":"SearchAction","target":{"@type":"EntryPoint","urlTemplate":"https:\/\/www.ultradec.ch\/de\/?s={search_term_string}"},"query-input":{"@type":"PropertyValueSpecification","valueRequired":true,"valueName":"search_term_string"}}],"inLanguage":"de"},{"@type":"Organization","@id":"https:\/\/www.ultradec.ch\/de\/#organization","name":"Ultra D\u00e9colletage SA","url":"https:\/\/www.ultradec.ch\/de\/","logo":{"@type":"ImageObject","inLanguage":"de","@id":"https:\/\/www.ultradec.ch\/de\/#\/schema\/logo\/image\/","url":"https:\/\/www.ultradec.ch\/wp-content\/uploads\/2021\/02\/logo_ultra.png","contentUrl":"https:\/\/www.ultradec.ch\/wp-content\/uploads\/2021\/02\/logo_ultra.png","width":231,"height":92,"caption":"Ultra D\u00e9colletage SA"},"image":{"@id":"https:\/\/www.ultradec.ch\/de\/#\/schema\/logo\/image\/"},"sameAs":["https:\/\/www.facebook.com\/Ultra-D\u00e9colletage-SA-268190347407626\/","https:\/\/www.instagram.com\/ultra_decolletage\/","https:\/\/www.linkedin.com\/company\/ultra-decolletage"]}]}},"_links":{"self":[{"href":"https:\/\/www.ultradec.ch\/de\/wp-json\/wp\/v2\/pages\/4059","targetHints":{"allow":["GET"]}}],"collection":[{"href":"https:\/\/www.ultradec.ch\/de\/wp-json\/wp\/v2\/pages"}],"about":[{"href":"https:\/\/www.ultradec.ch\/de\/wp-json\/wp\/v2\/types\/page"}],"author":[{"embeddable":true,"href":"https:\/\/www.ultradec.ch\/de\/wp-json\/wp\/v2\/users\/5"}],"replies":[{"embeddable":true,"href":"https:\/\/www.ultradec.ch\/de\/wp-json\/wp\/v2\/comments?post=4059"}],"version-history":[{"count":5,"href":"https:\/\/www.ultradec.ch\/de\/wp-json\/wp\/v2\/pages\/4059\/revisions"}],"predecessor-version":[{"id":5100,"href":"https:\/\/www.ultradec.ch\/de\/wp-json\/wp\/v2\/pages\/4059\/revisions\/5100"}],"wp:attachment":[{"href":"https:\/\/www.ultradec.ch\/de\/wp-json\/wp\/v2\/media?parent=4059"}],"curies":[{"name":"wp","href":"https:\/\/api.w.org\/{rel}","templated":true}]}}