{"id":4089,"date":"2021-09-27T14:52:46","date_gmt":"2021-09-27T12:52:46","guid":{"rendered":"https:\/\/www.ultradec.ch\/teile-und-material\/"},"modified":"2022-02-02T15:16:16","modified_gmt":"2022-02-02T14:16:16","slug":"teile-material","status":"publish","type":"page","link":"https:\/\/www.ultradec.ch\/de\/teile-material\/","title":{"rendered":"Teile und Material"},"content":{"rendered":"<div class=\"wpb-content-wrapper\"><p>[vc_row overlay_dotted=&#8220;&#8220;][vc_column]\n    <section class=\"roof-works  roof-portfolio-69f732b3d4dc9 works-style-three full-link\">\n          <ul class=\"nav navbar-nav filters-nav masonry-filters  roof-portfolio-69f732b3d4dc9\">\n      <li><a href=\"javascript:void(0);\" data-filter=\"*\" class=\"active\">Alles<\/a><\/li>\n    <li class=\"cat-bruecken\"><a href=\"javascript:void(0);\" id=\"\" class=\"filter cat-bruecken\" data-filter=\".bruecken-item\" title=\"bruecken\">bruecken<\/a><\/li><li class=\"cat-raeder\"><a href=\"javascript:void(0);\" id=\"\" class=\"filter cat-raeder\" data-filter=\".raeder-item\" title=\" raeder\"> raeder<\/a><\/li><li class=\"cat-triebe\"><a href=\"javascript:void(0);\" id=\"\" class=\"filter cat-triebe\" data-filter=\".triebe-item\" title=\" triebe\"> triebe<\/a><\/li><li class=\"cat-wellen\"><a href=\"javascript:void(0);\" id=\"\" class=\"filter cat-wellen\" data-filter=\".wellen-item\" title=\" wellen\"> wellen<\/a><\/li>\t\t<\/ul>\n          <div class=\"roof-masonry masonry-fullwidth bpw-col-2  \">\n          <div class=\"masonry-item triebe-item uhrenindustrie-item \" data-category=\"triebe-item uhrenindustrie-item \">\n        <div class=\"work-list\">\n          <div class=\"roof-picture\"> <img decoding=\"async\" src=\"https:\/\/www.ultradec.ch\/wp-content\/uploads\/2021\/04\/ultra_decolletage_pignon_de_remontoir_ombre.jpg\" alt=\"Aufzugstrieb\"><\/div>\n          <div class=\"work-info\">\n            <div class=\"roof-table-container\">\n              <div class=\"roof-align-container\">\n                <h5 class=\"work-title\"><a href=\"https:\/\/www.ultradec.ch\/de\/portfolio\/aufzugstrieb\/\">Aufzugstrieb<\/a><\/h5>\n                <h5 class=\"work-category\">\n                                      <span>triebe<\/span>\n                                      <span>uhrenindustrie<\/span>\n                                  <\/h5>\n              <\/div>\n            <\/div>\n          <\/div>\n        <\/div>\n      <\/div>\n            <div class=\"masonry-item uhrenindustrie-item wellen-item \" data-category=\"uhrenindustrie-item wellen-item \">\n        <div class=\"work-list\">\n          <div class=\"roof-picture\"> <img decoding=\"async\" src=\"https:\/\/www.ultradec.ch\/wp-content\/uploads\/2021\/04\/ultra_decolletage_tige_de_remontoir_ombre.jpg\" alt=\"Aufzugswelle\"><\/div>\n          <div class=\"work-info\">\n            <div class=\"roof-table-container\">\n              <div class=\"roof-align-container\">\n                <h5 class=\"work-title\"><a href=\"https:\/\/www.ultradec.ch\/de\/portfolio\/aufzugswelle\/\">Aufzugswelle<\/a><\/h5>\n                <h5 class=\"work-category\">\n                                      <span>uhrenindustrie<\/span>\n                                      <span>wellen<\/span>\n                                  <\/h5>\n              <\/div>\n            <\/div>\n          <\/div>\n        <\/div>\n      <\/div>\n            <div class=\"masonry-item raeder-item uhrenindustrie-item \" data-category=\"raeder-item uhrenindustrie-item \">\n        <div class=\"work-list\">\n          <div class=\"roof-picture\"> <img decoding=\"async\" src=\"https:\/\/www.ultradec.ch\/wp-content\/uploads\/2024\/03\/ultra_decolletage_mobile_chrono_assemble_ombre.jpg\" alt=\"Chronographen-Zentrumsrad\"><\/div>\n          <div class=\"work-info\">\n            <div class=\"roof-table-container\">\n              <div class=\"roof-align-container\">\n                <h5 class=\"work-title\"><a href=\"https:\/\/www.ultradec.ch\/de\/portfolio\/chronographen-zentrumsrad\/\">Chronographen-Zentrumsrad<\/a><\/h5>\n                <h5 class=\"work-category\">\n                                      <span>raeder<\/span>\n                                      <span>uhrenindustrie<\/span>\n                                  <\/h5>\n              <\/div>\n            <\/div>\n          <\/div>\n        <\/div>\n      <\/div>\n            <div class=\"masonry-item bruecken-item uhrenindustrie-item \" data-category=\"bruecken-item uhrenindustrie-item \">\n        <div class=\"work-list\">\n          <div class=\"roof-picture\"> <img decoding=\"async\" src=\"https:\/\/www.ultradec.ch\/wp-content\/uploads\/2021\/04\/ultra_decolletage_pont_de_petite_seconde_garni_ombre.jpg\" alt=\"Fertige Br\u00fccke\"><\/div>\n          <div class=\"work-info\">\n            <div class=\"roof-table-container\">\n              <div class=\"roof-align-container\">\n                <h5 class=\"work-title\"><a href=\"https:\/\/www.ultradec.ch\/de\/portfolio\/fertige-bruecke\/\">Fertige Br\u00fccke<\/a><\/h5>\n                <h5 class=\"work-category\">\n                                      <span>bruecken<\/span>\n                                      <span>uhrenindustrie<\/span>\n                                  <\/h5>\n              <\/div>\n            <\/div>\n          <\/div>\n        <\/div>\n      <\/div>\n            <div class=\"masonry-item raeder-item uhrenindustrie-item \" data-category=\"raeder-item uhrenindustrie-item \">\n        <div class=\"work-list\">\n          <div class=\"roof-picture\"> <img decoding=\"async\" src=\"https:\/\/www.ultradec.ch\/wp-content\/uploads\/2024\/03\/ultra_decolletage_mobile_ombre.jpg\" alt=\"Getrieberad\"><\/div>\n          <div class=\"work-info\">\n            <div class=\"roof-table-container\">\n              <div class=\"roof-align-container\">\n                <h5 class=\"work-title\"><a href=\"https:\/\/www.ultradec.ch\/de\/portfolio\/getrieberad\/\">Getrieberad<\/a><\/h5>\n                <h5 class=\"work-category\">\n                                      <span>raeder<\/span>\n                                      <span>uhrenindustrie<\/span>\n                                  <\/h5>\n              <\/div>\n            <\/div>\n          <\/div>\n        <\/div>\n      <\/div>\n            <div class=\"masonry-item raeder-item uhrenindustrie-item \" data-category=\"raeder-item uhrenindustrie-item \">\n        <div class=\"work-list\">\n          <div class=\"roof-picture\"> <img decoding=\"async\" src=\"https:\/\/www.ultradec.ch\/wp-content\/uploads\/2021\/04\/ultra_decolletage_roue_de_couronne_inferieure_ombre.jpg\" alt=\"Kronrad\"><\/div>\n          <div class=\"work-info\">\n            <div class=\"roof-table-container\">\n              <div class=\"roof-align-container\">\n                <h5 class=\"work-title\"><a href=\"https:\/\/www.ultradec.ch\/de\/portfolio\/kronrad\/\">Kronrad<\/a><\/h5>\n                <h5 class=\"work-category\">\n                                      <span>raeder<\/span>\n                                      <span>uhrenindustrie<\/span>\n                                  <\/h5>\n              <\/div>\n            <\/div>\n          <\/div>\n        <\/div>\n      <\/div>\n            <div class=\"masonry-item triebe-item uhrenindustrie-item \" data-category=\"triebe-item uhrenindustrie-item \">\n        <div class=\"work-list\">\n          <div class=\"roof-picture\"> <img decoding=\"async\" src=\"https:\/\/www.ultradec.ch\/wp-content\/uploads\/2021\/04\/ultra_decolletage_pignon_coulant_ombre.jpg\" alt=\"Kupplungstrieb\"><\/div>\n          <div class=\"work-info\">\n            <div class=\"roof-table-container\">\n              <div class=\"roof-align-container\">\n                <h5 class=\"work-title\"><a href=\"https:\/\/www.ultradec.ch\/de\/portfolio\/kupplungstrieb\/\">Kupplungstrieb<\/a><\/h5>\n                <h5 class=\"work-category\">\n                                      <span>triebe<\/span>\n                                      <span>uhrenindustrie<\/span>\n                                  <\/h5>\n              <\/div>\n            <\/div>\n          <\/div>\n        <\/div>\n      <\/div>\n            <div class=\"masonry-item raeder-item uhrenindustrie-item \" data-category=\"raeder-item uhrenindustrie-item \">\n        <div class=\"work-list\">\n          <div class=\"roof-picture\"> <img decoding=\"async\" src=\"https:\/\/www.ultradec.ch\/wp-content\/uploads\/2024\/03\/ultra_decolletage_roue_a_colonne_ombre.jpg\" alt=\"S\u00e4ulenrad\"><\/div>\n          <div class=\"work-info\">\n            <div class=\"roof-table-container\">\n              <div class=\"roof-align-container\">\n                <h5 class=\"work-title\"><a href=\"https:\/\/www.ultradec.ch\/de\/portfolio\/federwelle\/\">S\u00e4ulenrad<\/a><\/h5>\n                <h5 class=\"work-category\">\n                                      <span>raeder<\/span>\n                                      <span>uhrenindustrie<\/span>\n                                  <\/h5>\n              <\/div>\n            <\/div>\n          <\/div>\n        <\/div>\n      <\/div>\n            <div class=\"masonry-item triebe-item uhrenindustrie-item \" data-category=\"triebe-item uhrenindustrie-item \">\n        <div class=\"work-list\">\n          <div class=\"roof-picture\"> <img decoding=\"async\" src=\"https:\/\/www.ultradec.ch\/wp-content\/uploads\/2021\/04\/ultra_decolletage_pignon_de_correcteur_ombre.jpg\" alt=\"Trieb\"><\/div>\n          <div class=\"work-info\">\n            <div class=\"roof-table-container\">\n              <div class=\"roof-align-container\">\n                <h5 class=\"work-title\"><a href=\"https:\/\/www.ultradec.ch\/de\/portfolio\/trieb\/\">Trieb<\/a><\/h5>\n                <h5 class=\"work-category\">\n                                      <span>triebe<\/span>\n                                      <span>uhrenindustrie<\/span>\n                                  <\/h5>\n              <\/div>\n            <\/div>\n          <\/div>\n        <\/div>\n      <\/div>\n            <div class=\"masonry-item uhrenindustrie-item wellen-item \" data-category=\"uhrenindustrie-item wellen-item \">\n        <div class=\"work-list\">\n          <div class=\"roof-picture\"> <img decoding=\"async\" src=\"https:\/\/www.ultradec.ch\/wp-content\/uploads\/2021\/04\/ultra_decolletage_axe_de_balancier_ombre.jpg\" alt=\"Unruhwelle\"><\/div>\n          <div class=\"work-info\">\n            <div class=\"roof-table-container\">\n              <div class=\"roof-align-container\">\n                <h5 class=\"work-title\"><a href=\"https:\/\/www.ultradec.ch\/de\/portfolio\/unruhwelle\/\">Unruhwelle<\/a><\/h5>\n                <h5 class=\"work-category\">\n                                      <span>uhrenindustrie<\/span>\n                                      <span>wellen<\/span>\n                                  <\/h5>\n              <\/div>\n            <\/div>\n          <\/div>\n        <\/div>\n      <\/div>\n      \n    <\/div>\n            <\/section>\n    <!-- Portfolio End -->\n\n    [vc_empty_space][\/vc_column][\/vc_row][vc_row][vc_column][vc_separator color=&#8220;custom&#8220; accent_color=&#8220;#2d2b2e&#8220;][vc_column_text]<h1 class=\"detail-title\">Teile und Material<\/h1>[\/vc_column_text][vc_column_text]Ultra D\u00e9colletage SA bietet eine breite Palette qualitativ hochwertiger Produkte mit perfekter Endbearbeitung. Bearbeitet werden s\u00e4mtliche Materialien bis 22 mm Durchmesser in Klein- oder Grossserien zu wettbewerbsf\u00e4higen Preisen. Das Unternehmen besitzt ein w\u00e4hrend \u00fcber 100 Jahren aufgebautes Know-how in der Herstellung von mikroskopischen Teilen verschiedenster Bearbeitungsformen wie konisch, schief, frontal.[\/vc_column_text][\/vc_column][\/vc_row][vc_row][vc_column][vc_row_inner][vc_column_inner width=&#8220;1\/2&#8243;][vc_column_text]<\/p>\n<h3 class=\"history-title\">Teile<\/h3>\n<p>[\/vc_column_text][vc_column_text]Unter anderem stellt sie folgende Uhrenteile her:[\/vc_column_text]<ul class=\"square-bullets texte-roof-list roof-list-69f732b3dddcb\"><li>Federhaustrommeln und -deckel<\/li><li>Gewindestifte<\/li><li>R\u00e4der<\/li><li>S\u00e4ulenr\u00e4der<\/li><li>Schrauben<\/li><li>Stellhebel<\/li><li>Triebe<\/li><li>Triebe (Aufzugs- und Kupplungstriebe)<\/li><li>Ankerwellen<\/li><li>Aufzugswellen<\/li><li>Chronographenwellen<\/li><li>Federwellen<\/li><li>Schleppzeigerwellen<\/li><li>Unruhwellen<\/li><li>Wellenverl\u00e4ngerungen<\/li><li>Zweiteilige Aufzugswellen<\/li><\/ul>[vc_separator][vc_column_text]Gewisse Standardteile wie Wellen und Wellenverl\u00e4ngerungen sind sofort lieferbar.<\/p>\n<p>Auch Probentr\u00e4ger f\u00fcr Rasterelektronenmikroskope sind verf\u00fcgbar.[\/vc_column_text][\/vc_column_inner][vc_column_inner width=&#8220;1\/2&#8243;][vc_column_text]<\/p>\n<h3 class=\"history-title\">Material<\/h3>\n<p>[\/vc_column_text][vc_column_text]H\u00e4ufig bearbeitete Materialien:[\/vc_column_text]<div class=\"roof-description-box  description-69f732b3dde0d description-boxes\"><div class=\"description-box-element\"><p>Stahl 20AP<\/p><\/div><div class=\"description-box-element\"><p>Stahl Finemac<\/p><\/div><div class=\"description-box-element\"><p>Edelstahl X35ST+<\/p><\/div><div class=\"description-box-element\"><p>Edelstahl 4C27A<\/p><\/div><div class=\"description-box-element\"><p>Berylliumkupfer<\/p><\/div><div class=\"description-box-element\"><p>Durnico<\/p><\/div><div class=\"description-box-element\"><p>Messing<\/p><\/div><div class=\"description-box-element\"><p>Neusilber<\/p><\/div><\/div>[\/vc_column_inner][\/vc_row_inner][\/vc_column][\/vc_row]<\/p>\n<\/div>","protected":false},"excerpt":{"rendered":"[vc_row overlay_dotted=&#8220;&#8220;][vc_column][vc_empty_space][\/vc_column][\/vc_row][vc_row][vc_column][vc_separator color=&#8220;custom&#8220; accent_color=&#8220;#2d2b2e&#8220;][vc_column_text][\/vc_column_text][vc_column_text]Ultra D\u00e9colletage SA bietet eine breite Palette qualitativ hochwertiger Produkte mit perfekter Endbearbeitung. Bearbeitet werden s\u00e4mtliche Materialien bis 22 mm Durchmesser in Klein- oder Grossserien zu wettbewerbsf\u00e4higen Preisen. Das Unternehmen besitzt ein w\u00e4hrend \u00fcber 100 Jahren aufgebautes Know-how in der Herstellung von mikroskopischen Teilen verschiedenster Bearbeitungsformen wie konisch, schief, frontal.[\/vc_column_text][\/vc_column][\/vc_row][vc_row][vc_column][vc_row_inner][vc_column_inner width=&#8220;1\/2&#8243;][vc_column_text] Teile[&#8230;]","protected":false},"author":5,"featured_media":0,"parent":0,"menu_order":0,"comment_status":"closed","ping_status":"closed","template":"","meta":{"footnotes":""},"class_list":["post-4089","page","type-page","status-publish","hentry"],"yoast_head":"<!-- This site is optimized with the Yoast SEO plugin v27.3 - https:\/\/yoast.com\/product\/yoast-seo-wordpress\/ -->\n<title>Teile und Material - Ultra D\u00e9colletage SA<\/title>\n<meta name=\"description\" content=\"Pr\u00e4sentation der breiten Palette hochwertiger Teile, insbesondere f\u00fcr Uhrwerke, sowie h\u00e4ufig bearbeiteter Materialien.\" \/>\n<meta name=\"robots\" content=\"index, follow, max-snippet:-1, max-image-preview:large, max-video-preview:-1\" \/>\n<link rel=\"canonical\" href=\"https:\/\/www.ultradec.ch\/de\/teile-material\/\" \/>\n<meta property=\"og:locale\" content=\"de_DE\" \/>\n<meta property=\"og:type\" content=\"article\" \/>\n<meta property=\"og:title\" content=\"Teile und Material - Ultra D\u00e9colletage SA\" \/>\n<meta property=\"og:description\" content=\"Pr\u00e4sentation der breiten Palette hochwertiger Teile, insbesondere f\u00fcr Uhrwerke, sowie h\u00e4ufig bearbeiteter Materialien.\" \/>\n<meta property=\"og:url\" content=\"https:\/\/www.ultradec.ch\/de\/teile-material\/\" \/>\n<meta property=\"og:site_name\" content=\"Ultra D\u00e9colletage SA\" \/>\n<meta property=\"article:publisher\" content=\"https:\/\/www.facebook.com\/Ultra-D%c3%a9colletage-SA-268190347407626\/\" \/>\n<meta property=\"article:modified_time\" content=\"2022-02-02T14:16:16+00:00\" \/>\n<meta name=\"twitter:card\" content=\"summary_large_image\" \/>\n<meta name=\"twitter:label1\" content=\"Gesch\u00e4tzte Lesezeit\" \/>\n\t<meta name=\"twitter:data1\" content=\"1\u00a0Minute\" \/>\n<script type=\"application\/ld+json\" class=\"yoast-schema-graph\">{\"@context\":\"https:\\\/\\\/schema.org\",\"@graph\":[{\"@type\":\"WebPage\",\"@id\":\"https:\\\/\\\/www.ultradec.ch\\\/de\\\/teile-material\\\/\",\"url\":\"https:\\\/\\\/www.ultradec.ch\\\/de\\\/teile-material\\\/\",\"name\":\"Teile und Material - Ultra D\u00e9colletage SA\",\"isPartOf\":{\"@id\":\"https:\\\/\\\/www.ultradec.ch\\\/de\\\/#website\"},\"datePublished\":\"2021-09-27T12:52:46+00:00\",\"dateModified\":\"2022-02-02T14:16:16+00:00\",\"description\":\"Pr\u00e4sentation der breiten Palette hochwertiger Teile, insbesondere f\u00fcr Uhrwerke, sowie h\u00e4ufig bearbeiteter Materialien.\",\"breadcrumb\":{\"@id\":\"https:\\\/\\\/www.ultradec.ch\\\/de\\\/teile-material\\\/#breadcrumb\"},\"inLanguage\":\"de\",\"potentialAction\":[{\"@type\":\"ReadAction\",\"target\":[\"https:\\\/\\\/www.ultradec.ch\\\/de\\\/teile-material\\\/\"]}]},{\"@type\":\"BreadcrumbList\",\"@id\":\"https:\\\/\\\/www.ultradec.ch\\\/de\\\/teile-material\\\/#breadcrumb\",\"itemListElement\":[{\"@type\":\"ListItem\",\"position\":1,\"name\":\"Accueil\",\"item\":\"https:\\\/\\\/www.ultradec.ch\\\/de\\\/\"},{\"@type\":\"ListItem\",\"position\":2,\"name\":\"Teile und Material\"}]},{\"@type\":\"WebSite\",\"@id\":\"https:\\\/\\\/www.ultradec.ch\\\/de\\\/#website\",\"url\":\"https:\\\/\\\/www.ultradec.ch\\\/de\\\/\",\"name\":\"Ultra D\u00e9colletage SA\",\"description\":\"De la conception \u00e0 la terminaison depuis 1906\",\"publisher\":{\"@id\":\"https:\\\/\\\/www.ultradec.ch\\\/de\\\/#organization\"},\"potentialAction\":[{\"@type\":\"SearchAction\",\"target\":{\"@type\":\"EntryPoint\",\"urlTemplate\":\"https:\\\/\\\/www.ultradec.ch\\\/de\\\/?s={search_term_string}\"},\"query-input\":{\"@type\":\"PropertyValueSpecification\",\"valueRequired\":true,\"valueName\":\"search_term_string\"}}],\"inLanguage\":\"de\"},{\"@type\":\"Organization\",\"@id\":\"https:\\\/\\\/www.ultradec.ch\\\/de\\\/#organization\",\"name\":\"Ultra D\u00e9colletage SA\",\"url\":\"https:\\\/\\\/www.ultradec.ch\\\/de\\\/\",\"logo\":{\"@type\":\"ImageObject\",\"inLanguage\":\"de\",\"@id\":\"https:\\\/\\\/www.ultradec.ch\\\/de\\\/#\\\/schema\\\/logo\\\/image\\\/\",\"url\":\"https:\\\/\\\/www.ultradec.ch\\\/wp-content\\\/uploads\\\/2021\\\/02\\\/logo_ultra.png\",\"contentUrl\":\"https:\\\/\\\/www.ultradec.ch\\\/wp-content\\\/uploads\\\/2021\\\/02\\\/logo_ultra.png\",\"width\":231,\"height\":92,\"caption\":\"Ultra D\u00e9colletage SA\"},\"image\":{\"@id\":\"https:\\\/\\\/www.ultradec.ch\\\/de\\\/#\\\/schema\\\/logo\\\/image\\\/\"},\"sameAs\":[\"https:\\\/\\\/www.facebook.com\\\/Ultra-D\u00e9colletage-SA-268190347407626\\\/\",\"https:\\\/\\\/www.instagram.com\\\/ultra_decolletage\\\/\",\"https:\\\/\\\/www.linkedin.com\\\/company\\\/ultra-decolletage\"]}]}<\/script>\n<!-- \/ Yoast SEO plugin. -->","yoast_head_json":{"title":"Teile und Material - Ultra D\u00e9colletage SA","description":"Pr\u00e4sentation der breiten Palette hochwertiger Teile, insbesondere f\u00fcr Uhrwerke, sowie h\u00e4ufig bearbeiteter Materialien.","robots":{"index":"index","follow":"follow","max-snippet":"max-snippet:-1","max-image-preview":"max-image-preview:large","max-video-preview":"max-video-preview:-1"},"canonical":"https:\/\/www.ultradec.ch\/de\/teile-material\/","og_locale":"de_DE","og_type":"article","og_title":"Teile und Material - Ultra D\u00e9colletage SA","og_description":"Pr\u00e4sentation der breiten Palette hochwertiger Teile, insbesondere f\u00fcr Uhrwerke, sowie h\u00e4ufig bearbeiteter Materialien.","og_url":"https:\/\/www.ultradec.ch\/de\/teile-material\/","og_site_name":"Ultra D\u00e9colletage SA","article_publisher":"https:\/\/www.facebook.com\/Ultra-D%c3%a9colletage-SA-268190347407626\/","article_modified_time":"2022-02-02T14:16:16+00:00","twitter_card":"summary_large_image","twitter_misc":{"Gesch\u00e4tzte Lesezeit":"1\u00a0Minute"},"schema":{"@context":"https:\/\/schema.org","@graph":[{"@type":"WebPage","@id":"https:\/\/www.ultradec.ch\/de\/teile-material\/","url":"https:\/\/www.ultradec.ch\/de\/teile-material\/","name":"Teile und Material - Ultra D\u00e9colletage SA","isPartOf":{"@id":"https:\/\/www.ultradec.ch\/de\/#website"},"datePublished":"2021-09-27T12:52:46+00:00","dateModified":"2022-02-02T14:16:16+00:00","description":"Pr\u00e4sentation der breiten Palette hochwertiger Teile, insbesondere f\u00fcr Uhrwerke, sowie h\u00e4ufig bearbeiteter Materialien.","breadcrumb":{"@id":"https:\/\/www.ultradec.ch\/de\/teile-material\/#breadcrumb"},"inLanguage":"de","potentialAction":[{"@type":"ReadAction","target":["https:\/\/www.ultradec.ch\/de\/teile-material\/"]}]},{"@type":"BreadcrumbList","@id":"https:\/\/www.ultradec.ch\/de\/teile-material\/#breadcrumb","itemListElement":[{"@type":"ListItem","position":1,"name":"Accueil","item":"https:\/\/www.ultradec.ch\/de\/"},{"@type":"ListItem","position":2,"name":"Teile und Material"}]},{"@type":"WebSite","@id":"https:\/\/www.ultradec.ch\/de\/#website","url":"https:\/\/www.ultradec.ch\/de\/","name":"Ultra D\u00e9colletage SA","description":"De la conception \u00e0 la terminaison depuis 1906","publisher":{"@id":"https:\/\/www.ultradec.ch\/de\/#organization"},"potentialAction":[{"@type":"SearchAction","target":{"@type":"EntryPoint","urlTemplate":"https:\/\/www.ultradec.ch\/de\/?s={search_term_string}"},"query-input":{"@type":"PropertyValueSpecification","valueRequired":true,"valueName":"search_term_string"}}],"inLanguage":"de"},{"@type":"Organization","@id":"https:\/\/www.ultradec.ch\/de\/#organization","name":"Ultra D\u00e9colletage SA","url":"https:\/\/www.ultradec.ch\/de\/","logo":{"@type":"ImageObject","inLanguage":"de","@id":"https:\/\/www.ultradec.ch\/de\/#\/schema\/logo\/image\/","url":"https:\/\/www.ultradec.ch\/wp-content\/uploads\/2021\/02\/logo_ultra.png","contentUrl":"https:\/\/www.ultradec.ch\/wp-content\/uploads\/2021\/02\/logo_ultra.png","width":231,"height":92,"caption":"Ultra D\u00e9colletage SA"},"image":{"@id":"https:\/\/www.ultradec.ch\/de\/#\/schema\/logo\/image\/"},"sameAs":["https:\/\/www.facebook.com\/Ultra-D\u00e9colletage-SA-268190347407626\/","https:\/\/www.instagram.com\/ultra_decolletage\/","https:\/\/www.linkedin.com\/company\/ultra-decolletage"]}]}},"_links":{"self":[{"href":"https:\/\/www.ultradec.ch\/de\/wp-json\/wp\/v2\/pages\/4089","targetHints":{"allow":["GET"]}}],"collection":[{"href":"https:\/\/www.ultradec.ch\/de\/wp-json\/wp\/v2\/pages"}],"about":[{"href":"https:\/\/www.ultradec.ch\/de\/wp-json\/wp\/v2\/types\/page"}],"author":[{"embeddable":true,"href":"https:\/\/www.ultradec.ch\/de\/wp-json\/wp\/v2\/users\/5"}],"replies":[{"embeddable":true,"href":"https:\/\/www.ultradec.ch\/de\/wp-json\/wp\/v2\/comments?post=4089"}],"version-history":[{"count":5,"href":"https:\/\/www.ultradec.ch\/de\/wp-json\/wp\/v2\/pages\/4089\/revisions"}],"predecessor-version":[{"id":5030,"href":"https:\/\/www.ultradec.ch\/de\/wp-json\/wp\/v2\/pages\/4089\/revisions\/5030"}],"wp:attachment":[{"href":"https:\/\/www.ultradec.ch\/de\/wp-json\/wp\/v2\/media?parent=4089"}],"curies":[{"name":"wp","href":"https:\/\/api.w.org\/{rel}","templated":true}]}}