{"id":4130,"date":"2021-09-27T15:57:50","date_gmt":"2021-09-27T13:57:50","guid":{"rendered":"https:\/\/www.ultradec.ch\/kontakt\/"},"modified":"2025-03-17T10:00:29","modified_gmt":"2025-03-17T09:00:29","slug":"kontakt","status":"publish","type":"page","link":"https:\/\/www.ultradec.ch\/de\/kontakt\/","title":{"rendered":"Kontakt"},"content":{"rendered":"<div class=\"wpb-content-wrapper\"><p>[vc_row][vc_column]<div id=\"map-69e49221a4cbc\" class=\"roof-google-map  dontdisplay roof-gmap-69e49221a4cbc\"><\/div>    <script type=\"text\/javascript\">\n    \/\/ Custom Map Script\n    jQuery(document).ready(function($) {\n      $(\"#map-69e49221a4cbc\").googleMap({\n        zoom: 12,\n        type: \"ROADMAP\",\n        styles: [],\n        streetViewControl: true,\n        scrollwheel: false,\n        mapTypeControl: false,\n                    coords: [47.2409745, 7.3387878],\n                  });\n            $(\"#map-69e49221a4cbc\").addMarker({\n        coords: [47.2409745, 7.3387878],\n        icon: 'https:\/\/www.ultradec.ch\/wp-content\/uploads\/2021\/03\/pointeur_ultra_rouge-1.png',\n        title: \"Ultra D\u00e9colletage SA\",        text: \"Wir sind hier\",      });\n          });\n    <\/script>\n[vc_gmaps link=&#8220;#E-8_JTNDaWZyYW1lJTIwc3JjJTNEJTIyaHR0cHMlM0ElMkYlMkZ3d3cuZ29vZ2xlLmNvbSUyRm1hcHMlMkZlbWJlZCUzRnBiJTNEJTIxMW0xOCUyMTFtMTIlMjExbTMlMjExZDQ1NDIuODAxMDA4OTQ5NzI1JTIxMmQ3LjMzODQwOTA3NzYxMTQ4OCUyMTNkNDcuMjQxMDE3OTcxMTU4Njc2JTIxMm0zJTIxMWYwJTIxMmYwJTIxM2YwJTIxM20yJTIxMWkxMDI0JTIxMmk3NjglMjE0ZjEzLjElMjEzbTMlMjExbTIlMjExczB4NDc5MWUwNmUyYjVmZGMyNSUyNTNBMHhmMzJhMzdmNDJlMzRlOThkJTIxMnNVbHRyYSUyNTIwRCUyNUMzJTI1QTljb2xsZXRhZ2UlMjUyMFNBJTIxNWUxJTIxM20yJTIxMXNmciUyMTJzY2glMjE0djE3NDIyMDE4MjY2NDMlMjE1bTIlMjExc2ZyJTIxMnNjaCUyMiUyMHdpZHRoJTNEJTIyNjAwJTIyJTIwaGVpZ2h0JTNEJTIyNDEwJTIyJTIwc3R5bGUlM0QlMjJib3JkZXIlM0EwJTNCJTIyJTIwYWxsb3dmdWxsc2NyZWVuJTNEJTIyJTIyJTIwbG9hZGluZyUzRCUyMmxhenklMjIlMjByZWZlcnJlcnBvbGljeSUzRCUyMm5vLXJlZmVycmVyLXdoZW4tZG93bmdyYWRlJTIyJTNFJTNDJTJGaWZyYW1lJTNF&#8220; css=&#8220;&#8220;][\/vc_column][\/vc_row][vc_row][vc_column][vc_empty_space height=&#8220;35px&#8220;][\/vc_column][\/vc_row][vc_row][vc_column][vc_column_text css=&#8220;.vc_custom_1632751186571{margin-bottom: 15px !important;padding-bottom: 0px !important;}&#8220;]<h1 class=\"detail-title\">Kontakt<\/h1>[\/vc_column_text][vc_column_text]<\/p>\n<h3 class=\"history-title\">Kontaktangaben<\/h3>\n<p>[\/vc_column_text][\/vc_column][\/vc_row][vc_row overlay_dotted=&#8220;&#8220;][vc_column el_class=&#8220;entreprise&#8220;][vc_column_text]<div class=\"header-right \"><div class=\"contact-details\"><div class=\"contact-item \"><div class=\"pull-left\"><i class=\"fa fa-industry\" style=\"color:#c31622;\"><\/i><\/div><div class=\"contact-info\"><span style=\"\">Firma<\/span><p style=\"\">Ultra D\u00e9colletage SA<\/p><\/div><\/div><\/div><\/div>[\/vc_column_text][vc_separator][vc_column_text]<div class=\"header-right \"><div class=\"contact-details\"><div class=\"contact-item \"><div class=\"pull-left\"><i class=\"fa fa-map-marker\" style=\"color:#c31622;\"><\/i><\/div><div class=\"contact-info\"><span style=\"\">Adresse<\/span><p style=\"\">Rue des Gorges 3, CH-2738 Court<\/p><\/div><\/div><\/div><\/div>[\/vc_column_text][vc_separator][vc_column_text]<div class=\"header-right \"><div class=\"contact-details\"><div class=\"contact-item \"><div class=\"pull-left\"><i class=\"fa fa-phone\" style=\"color:#c31622;\"><\/i><\/div><div class=\"contact-info\"><span style=\"\">Telefon<\/span><p style=\"\">+41 (0)32 497 90 09 <\/p><\/div><\/div><\/div><\/div>[\/vc_column_text][vc_separator][vc_column_text]<div class=\"header-right \"><div class=\"contact-details\"><div class=\"contact-item \"><div class=\"pull-left\"><i class=\"fa fa-envelope\" style=\"color:#c31622;\"><\/i><\/div><div class=\"contact-info\"><span style=\"\">E-mail<\/span><a href=\"mailto:\/\/info@ultradec.ch\"  style=\"\">info@ultradec.ch<\/a><\/div><\/div><\/div><\/div>[\/vc_column_text][vc_separator][\/vc_column][\/vc_row][vc_row][vc_column][vc_column_text]<\/p>\n<h3 class=\"history-title\">Formular<\/h3>\n<p>[\/vc_column_text]<div class=\"request-quote roof-contact-69e49221a4fd6 remarque-telechargement\"><div class=\"section-title-wrap\"><\/div>\n<div class=\"wpcf7 no-js\" id=\"wpcf7-f4041-o1\" lang=\"fr-FR\" dir=\"ltr\" data-wpcf7-id=\"4041\">\n<div class=\"screen-reader-response\"><p role=\"status\" aria-live=\"polite\" aria-atomic=\"true\"><\/p> <ul><\/ul><\/div>\n<form action=\"\/de\/wp-json\/wp\/v2\/pages\/4130#wpcf7-f4041-o1\" method=\"post\" class=\"wpcf7-form init\" aria-label=\"Formulaire de contact\" novalidate=\"novalidate\" data-status=\"init\">\n<fieldset class=\"hidden-fields-container\"><input type=\"hidden\" name=\"_wpcf7\" value=\"4041\" \/><input type=\"hidden\" name=\"_wpcf7_version\" value=\"6.1.5\" \/><input type=\"hidden\" name=\"_wpcf7_locale\" value=\"fr_FR\" \/><input type=\"hidden\" name=\"_wpcf7_unit_tag\" value=\"wpcf7-f4041-o1\" \/><input type=\"hidden\" name=\"_wpcf7_container_post\" value=\"0\" \/><input type=\"hidden\" name=\"_wpcf7_posted_data_hash\" value=\"\" \/><input type=\"hidden\" name=\"_wpcf7_recaptcha_response\" value=\"\" \/>\n<\/fieldset>\n<div class=\"row\">\n\t<div class=\"col-md-6 col-sm-6\">\n\t\t<p><span class=\"wpcf7-form-control-wrap\" data-name=\"text-entreprise\"><input size=\"40\" maxlength=\"400\" class=\"wpcf7-form-control wpcf7-text wpcf7-validates-as-required\" aria-required=\"true\" aria-invalid=\"false\" placeholder=\"Firma*\" value=\"\" type=\"text\" name=\"text-entreprise\" \/><\/span><br \/>\n<span class=\"wpcf7-form-control-wrap\" data-name=\"text-nom\"><input size=\"40\" maxlength=\"400\" class=\"wpcf7-form-control wpcf7-text wpcf7-validates-as-required\" aria-required=\"true\" aria-invalid=\"false\" placeholder=\"Name und Vorname*\" value=\"\" type=\"text\" name=\"text-nom\" \/><\/span><br \/>\n<span class=\"wpcf7-form-control-wrap\" data-name=\"your-email\"><input size=\"40\" maxlength=\"400\" class=\"wpcf7-form-control wpcf7-email wpcf7-validates-as-required wpcf7-text wpcf7-validates-as-email\" aria-required=\"true\" aria-invalid=\"false\" placeholder=\"E-mail*\" value=\"\" type=\"email\" name=\"your-email\" \/><\/span><br \/>\n<span class=\"wpcf7-form-control-wrap\" data-name=\"tel-570\"><input size=\"40\" maxlength=\"400\" class=\"wpcf7-form-control wpcf7-tel wpcf7-validates-as-required wpcf7-text wpcf7-validates-as-tel\" aria-required=\"true\" aria-invalid=\"false\" placeholder=\"Telefon*\" value=\"\" type=\"tel\" name=\"tel-570\" \/><\/span>\n\t\t<\/p>\n\t<\/div>\n\t<div class=\"col-md-6 col-sm-6\">\n\t\t<p><span class=\"wpcf7-form-control-wrap\" data-name=\"text-sujet\"><input size=\"40\" maxlength=\"400\" class=\"wpcf7-form-control wpcf7-text wpcf7-validates-as-required\" aria-required=\"true\" aria-invalid=\"false\" placeholder=\"Betreff*\" value=\"\" type=\"text\" name=\"text-sujet\" \/><\/span><br \/>\n<span class=\"wpcf7-form-control-wrap\" data-name=\"textarea-message\"><textarea cols=\"40\" rows=\"10\" maxlength=\"2000\" class=\"wpcf7-form-control wpcf7-textarea wpcf7-validates-as-required\" aria-required=\"true\" aria-invalid=\"false\" placeholder=\"Ihre Mitteilung hier*\" name=\"textarea-message\"><\/textarea><\/span>\n\t\t<\/p>\n\t<\/div>\n\t<div class=\"col-md-6 col-sm-6\">\n\t<span class=\"wpcf7-form-control-wrap recaptcha\" data-name=\"recaptcha\"><span data-sitekey=\"6LdSYIApAAAAACXNiHQgE1753qBCBQ3z5ZoKcQEW\" class=\"wpcf7-form-control wpcf7-recaptcha g-recaptcha\"><\/span>\r\n<noscript>\r\n\t<div class=\"grecaptcha-noscript\">\r\n\t\t<iframe loading=\"lazy\" src=\"https:\/\/www.google.com\/recaptcha\/api\/fallback?k=6LdSYIApAAAAACXNiHQgE1753qBCBQ3z5ZoKcQEW\" frameborder=\"0\" scrolling=\"no\" width=\"310\" height=\"430\">\r\n\t\t<\/iframe>\r\n\t\t<textarea name=\"g-recaptcha-response\" rows=\"3\" cols=\"40\" placeholder=\"reCaptcha Response Here\">\r\n\t\t<\/textarea>\r\n\t<\/div>\r\n<\/noscript>\r\n<\/span>\n\t<\/div>\n\t<div class=\"col-md-12 col-sm-12\">\n\t\t<div class=\"pull-left\">\n\t\t\t<p><input class=\"wpcf7-form-control wpcf7-submit has-spinner button-primary\" type=\"submit\" value=\"SENDEN\" \/>\n\t\t\t<\/p>\n\t\t<\/div>\n\t<\/div>\n<\/div><p style=\"display: none !important;\" class=\"akismet-fields-container\" data-prefix=\"_wpcf7_ak_\"><label>&#916;<textarea name=\"_wpcf7_ak_hp_textarea\" cols=\"45\" rows=\"8\" maxlength=\"100\"><\/textarea><\/label><input type=\"hidden\" id=\"ak_js_1\" name=\"_wpcf7_ak_js\" value=\"188\"\/><script>document.getElementById( \"ak_js_1\" ).setAttribute( \"value\", ( new Date() ).getTime() );<\/script><\/p><div class=\"wpcf7-response-output\" aria-hidden=\"true\"><\/div>\n<\/form>\n<\/div>\n<\/div>[\/vc_column][\/vc_row]<\/p>\n<\/div>","protected":false},"excerpt":{"rendered":"[vc_row][vc_column][vc_gmaps link=&#8220;#E-8_JTNDaWZyYW1lJTIwc3JjJTNEJTIyaHR0cHMlM0ElMkYlMkZ3d3cuZ29vZ2xlLmNvbSUyRm1hcHMlMkZlbWJlZCUzRnBiJTNEJTIxMW0xOCUyMTFtMTIlMjExbTMlMjExZDQ1NDIuODAxMDA4OTQ5NzI1JTIxMmQ3LjMzODQwOTA3NzYxMTQ4OCUyMTNkNDcuMjQxMDE3OTcxMTU4Njc2JTIxMm0zJTIxMWYwJTIxMmYwJTIxM2YwJTIxM20yJTIxMWkxMDI0JTIxMmk3NjglMjE0ZjEzLjElMjEzbTMlMjExbTIlMjExczB4NDc5MWUwNmUyYjVmZGMyNSUyNTNBMHhmMzJhMzdmNDJlMzRlOThkJTIxMnNVbHRyYSUyNTIwRCUyNUMzJTI1QTljb2xsZXRhZ2UlMjUyMFNBJTIxNWUxJTIxM20yJTIxMXNmciUyMTJzY2glMjE0djE3NDIyMDE4MjY2NDMlMjE1bTIlMjExc2ZyJTIxMnNjaCUyMiUyMHdpZHRoJTNEJTIyNjAwJTIyJTIwaGVpZ2h0JTNEJTIyNDEwJTIyJTIwc3R5bGUlM0QlMjJib3JkZXIlM0EwJTNCJTIyJTIwYWxsb3dmdWxsc2NyZWVuJTNEJTIyJTIyJTIwbG9hZGluZyUzRCUyMmxhenklMjIlMjByZWZlcnJlcnBvbGljeSUzRCUyMm5vLXJlZmVycmVyLXdoZW4tZG93bmdyYWRlJTIyJTNFJTNDJTJGaWZyYW1lJTNF&#8220; css=&#8220;&#8220;][\/vc_column][\/vc_row][vc_row][vc_column][vc_empty_space height=&#8220;35px&#8220;][\/vc_column][\/vc_row][vc_row][vc_column][vc_column_text css=&#8220;.vc_custom_1632751186571{margin-bottom: 15px !important;padding-bottom: 0px !important;}&#8220;][\/vc_column_text][vc_column_text] Kontaktangaben [\/vc_column_text][\/vc_column][\/vc_row][vc_row overlay_dotted=&#8220;&#8220;][vc_column el_class=&#8220;entreprise&#8220;][vc_column_text][\/vc_column_text][vc_separator][vc_column_text][\/vc_column_text][vc_separator][vc_column_text][\/vc_column_text][vc_separator][vc_column_text][\/vc_column_text][vc_separator][\/vc_column][\/vc_row][vc_row][vc_column][vc_column_text] Formular [\/vc_column_text][\/vc_column][\/vc_row]","protected":false},"author":5,"featured_media":0,"parent":0,"menu_order":0,"comment_status":"closed","ping_status":"closed","template":"","meta":{"footnotes":""},"class_list":["post-4130","page","type-page","status-publish","hentry"],"yoast_head":"<!-- This site is optimized with the Yoast SEO plugin v27.4 - https:\/\/yoast.com\/product\/yoast-seo-wordpress\/ -->\n<title>Kontakt - Ultra D\u00e9colletage SA<\/title>\n<meta name=\"description\" content=\"Finden Sie Ultra D\u00e9colletage SA in Court sowie alle Informationen die Sie ben\u00f6tigen, um das Unternehmen zu kontaktieren.\" \/>\n<meta name=\"robots\" content=\"index, follow, max-snippet:-1, max-image-preview:large, max-video-preview:-1\" \/>\n<link rel=\"canonical\" href=\"https:\/\/www.ultradec.ch\/de\/kontakt\/\" \/>\n<meta property=\"og:locale\" content=\"de_DE\" \/>\n<meta property=\"og:type\" content=\"article\" \/>\n<meta property=\"og:title\" content=\"Kontakt - Ultra D\u00e9colletage SA\" \/>\n<meta property=\"og:description\" content=\"Finden Sie Ultra D\u00e9colletage SA in Court sowie alle Informationen die Sie ben\u00f6tigen, um das Unternehmen zu kontaktieren.\" \/>\n<meta property=\"og:url\" content=\"https:\/\/www.ultradec.ch\/de\/kontakt\/\" \/>\n<meta property=\"og:site_name\" content=\"Ultra D\u00e9colletage SA\" \/>\n<meta property=\"article:publisher\" content=\"https:\/\/www.facebook.com\/Ultra-D%c3%a9colletage-SA-268190347407626\/\" \/>\n<meta property=\"article:modified_time\" content=\"2025-03-17T09:00:29+00:00\" \/>\n<meta name=\"twitter:card\" content=\"summary_large_image\" \/>\n<meta name=\"twitter:label1\" content=\"Gesch\u00e4tzte Lesezeit\" \/>\n\t<meta name=\"twitter:data1\" content=\"1\u00a0Minute\" \/>\n<script type=\"application\/ld+json\" class=\"yoast-schema-graph\">{\"@context\":\"https:\\\/\\\/schema.org\",\"@graph\":[{\"@type\":\"WebPage\",\"@id\":\"https:\\\/\\\/www.ultradec.ch\\\/de\\\/kontakt\\\/\",\"url\":\"https:\\\/\\\/www.ultradec.ch\\\/de\\\/kontakt\\\/\",\"name\":\"Kontakt - Ultra D\u00e9colletage SA\",\"isPartOf\":{\"@id\":\"https:\\\/\\\/www.ultradec.ch\\\/de\\\/#website\"},\"datePublished\":\"2021-09-27T13:57:50+00:00\",\"dateModified\":\"2025-03-17T09:00:29+00:00\",\"description\":\"Finden Sie Ultra D\u00e9colletage SA in Court sowie alle Informationen die Sie ben\u00f6tigen, um das Unternehmen zu kontaktieren.\",\"breadcrumb\":{\"@id\":\"https:\\\/\\\/www.ultradec.ch\\\/de\\\/kontakt\\\/#breadcrumb\"},\"inLanguage\":\"de\",\"potentialAction\":[{\"@type\":\"ReadAction\",\"target\":[\"https:\\\/\\\/www.ultradec.ch\\\/de\\\/kontakt\\\/\"]}]},{\"@type\":\"BreadcrumbList\",\"@id\":\"https:\\\/\\\/www.ultradec.ch\\\/de\\\/kontakt\\\/#breadcrumb\",\"itemListElement\":[{\"@type\":\"ListItem\",\"position\":1,\"name\":\"Accueil\",\"item\":\"https:\\\/\\\/www.ultradec.ch\\\/de\\\/\"},{\"@type\":\"ListItem\",\"position\":2,\"name\":\"Kontakt\"}]},{\"@type\":\"WebSite\",\"@id\":\"https:\\\/\\\/www.ultradec.ch\\\/de\\\/#website\",\"url\":\"https:\\\/\\\/www.ultradec.ch\\\/de\\\/\",\"name\":\"Ultra D\u00e9colletage SA\",\"description\":\"De la conception \u00e0 la terminaison depuis 1906\",\"publisher\":{\"@id\":\"https:\\\/\\\/www.ultradec.ch\\\/de\\\/#organization\"},\"potentialAction\":[{\"@type\":\"SearchAction\",\"target\":{\"@type\":\"EntryPoint\",\"urlTemplate\":\"https:\\\/\\\/www.ultradec.ch\\\/de\\\/?s={search_term_string}\"},\"query-input\":{\"@type\":\"PropertyValueSpecification\",\"valueRequired\":true,\"valueName\":\"search_term_string\"}}],\"inLanguage\":\"de\"},{\"@type\":\"Organization\",\"@id\":\"https:\\\/\\\/www.ultradec.ch\\\/de\\\/#organization\",\"name\":\"Ultra D\u00e9colletage SA\",\"url\":\"https:\\\/\\\/www.ultradec.ch\\\/de\\\/\",\"logo\":{\"@type\":\"ImageObject\",\"inLanguage\":\"de\",\"@id\":\"https:\\\/\\\/www.ultradec.ch\\\/de\\\/#\\\/schema\\\/logo\\\/image\\\/\",\"url\":\"https:\\\/\\\/www.ultradec.ch\\\/wp-content\\\/uploads\\\/2021\\\/02\\\/logo_ultra.png\",\"contentUrl\":\"https:\\\/\\\/www.ultradec.ch\\\/wp-content\\\/uploads\\\/2021\\\/02\\\/logo_ultra.png\",\"width\":231,\"height\":92,\"caption\":\"Ultra D\u00e9colletage SA\"},\"image\":{\"@id\":\"https:\\\/\\\/www.ultradec.ch\\\/de\\\/#\\\/schema\\\/logo\\\/image\\\/\"},\"sameAs\":[\"https:\\\/\\\/www.facebook.com\\\/Ultra-D\u00e9colletage-SA-268190347407626\\\/\",\"https:\\\/\\\/www.instagram.com\\\/ultra_decolletage\\\/\",\"https:\\\/\\\/www.linkedin.com\\\/company\\\/ultra-decolletage\"]}]}<\/script>\n<!-- \/ Yoast SEO plugin. -->","yoast_head_json":{"title":"Kontakt - Ultra D\u00e9colletage SA","description":"Finden Sie Ultra D\u00e9colletage SA in Court sowie alle Informationen die Sie ben\u00f6tigen, um das Unternehmen zu kontaktieren.","robots":{"index":"index","follow":"follow","max-snippet":"max-snippet:-1","max-image-preview":"max-image-preview:large","max-video-preview":"max-video-preview:-1"},"canonical":"https:\/\/www.ultradec.ch\/de\/kontakt\/","og_locale":"de_DE","og_type":"article","og_title":"Kontakt - Ultra D\u00e9colletage SA","og_description":"Finden Sie Ultra D\u00e9colletage SA in Court sowie alle Informationen die Sie ben\u00f6tigen, um das Unternehmen zu kontaktieren.","og_url":"https:\/\/www.ultradec.ch\/de\/kontakt\/","og_site_name":"Ultra D\u00e9colletage SA","article_publisher":"https:\/\/www.facebook.com\/Ultra-D%c3%a9colletage-SA-268190347407626\/","article_modified_time":"2025-03-17T09:00:29+00:00","twitter_card":"summary_large_image","twitter_misc":{"Gesch\u00e4tzte Lesezeit":"1\u00a0Minute"},"schema":{"@context":"https:\/\/schema.org","@graph":[{"@type":"WebPage","@id":"https:\/\/www.ultradec.ch\/de\/kontakt\/","url":"https:\/\/www.ultradec.ch\/de\/kontakt\/","name":"Kontakt - Ultra D\u00e9colletage SA","isPartOf":{"@id":"https:\/\/www.ultradec.ch\/de\/#website"},"datePublished":"2021-09-27T13:57:50+00:00","dateModified":"2025-03-17T09:00:29+00:00","description":"Finden Sie Ultra D\u00e9colletage SA in Court sowie alle Informationen die Sie ben\u00f6tigen, um das Unternehmen zu kontaktieren.","breadcrumb":{"@id":"https:\/\/www.ultradec.ch\/de\/kontakt\/#breadcrumb"},"inLanguage":"de","potentialAction":[{"@type":"ReadAction","target":["https:\/\/www.ultradec.ch\/de\/kontakt\/"]}]},{"@type":"BreadcrumbList","@id":"https:\/\/www.ultradec.ch\/de\/kontakt\/#breadcrumb","itemListElement":[{"@type":"ListItem","position":1,"name":"Accueil","item":"https:\/\/www.ultradec.ch\/de\/"},{"@type":"ListItem","position":2,"name":"Kontakt"}]},{"@type":"WebSite","@id":"https:\/\/www.ultradec.ch\/de\/#website","url":"https:\/\/www.ultradec.ch\/de\/","name":"Ultra D\u00e9colletage SA","description":"De la conception \u00e0 la terminaison depuis 1906","publisher":{"@id":"https:\/\/www.ultradec.ch\/de\/#organization"},"potentialAction":[{"@type":"SearchAction","target":{"@type":"EntryPoint","urlTemplate":"https:\/\/www.ultradec.ch\/de\/?s={search_term_string}"},"query-input":{"@type":"PropertyValueSpecification","valueRequired":true,"valueName":"search_term_string"}}],"inLanguage":"de"},{"@type":"Organization","@id":"https:\/\/www.ultradec.ch\/de\/#organization","name":"Ultra D\u00e9colletage SA","url":"https:\/\/www.ultradec.ch\/de\/","logo":{"@type":"ImageObject","inLanguage":"de","@id":"https:\/\/www.ultradec.ch\/de\/#\/schema\/logo\/image\/","url":"https:\/\/www.ultradec.ch\/wp-content\/uploads\/2021\/02\/logo_ultra.png","contentUrl":"https:\/\/www.ultradec.ch\/wp-content\/uploads\/2021\/02\/logo_ultra.png","width":231,"height":92,"caption":"Ultra D\u00e9colletage SA"},"image":{"@id":"https:\/\/www.ultradec.ch\/de\/#\/schema\/logo\/image\/"},"sameAs":["https:\/\/www.facebook.com\/Ultra-D\u00e9colletage-SA-268190347407626\/","https:\/\/www.instagram.com\/ultra_decolletage\/","https:\/\/www.linkedin.com\/company\/ultra-decolletage"]}]}},"_links":{"self":[{"href":"https:\/\/www.ultradec.ch\/de\/wp-json\/wp\/v2\/pages\/4130","targetHints":{"allow":["GET"]}}],"collection":[{"href":"https:\/\/www.ultradec.ch\/de\/wp-json\/wp\/v2\/pages"}],"about":[{"href":"https:\/\/www.ultradec.ch\/de\/wp-json\/wp\/v2\/types\/page"}],"author":[{"embeddable":true,"href":"https:\/\/www.ultradec.ch\/de\/wp-json\/wp\/v2\/users\/5"}],"replies":[{"embeddable":true,"href":"https:\/\/www.ultradec.ch\/de\/wp-json\/wp\/v2\/comments?post=4130"}],"version-history":[{"count":5,"href":"https:\/\/www.ultradec.ch\/de\/wp-json\/wp\/v2\/pages\/4130\/revisions"}],"predecessor-version":[{"id":5157,"href":"https:\/\/www.ultradec.ch\/de\/wp-json\/wp\/v2\/pages\/4130\/revisions\/5157"}],"wp:attachment":[{"href":"https:\/\/www.ultradec.ch\/de\/wp-json\/wp\/v2\/media?parent=4130"}],"curies":[{"name":"wp","href":"https:\/\/api.w.org\/{rel}","templated":true}]}}